{"id":685,"date":"2021-12-16T00:02:00","date_gmt":"2021-12-16T00:02:00","guid":{"rendered":"https:\/\/impreza29.us-themes.com\/?page_id=264"},"modified":"2023-10-12T09:46:56","modified_gmt":"2023-10-12T01:46:56","slug":"services","status":"publish","type":"page","link":"https:\/\/www.hiplastics.com\/pt\/our-services.html","title":{"rendered":"Os nossos servi\u00e7os"},"content":{"rendered":"<section class=\"l-section wpb_row pageHeaders height_huge color_secondary with_img parallax_ver\"><div class=\"l-section-img\" data-img-width=\"1920\" data-img-height=\"520\" style=\"background-image: url(https:\/\/www.hiplastics.com\/wp-content\/uploads\/2023\/05\/hmprobg-1.jpg);\"><\/div><div class=\"l-section-overlay\" style=\"background:linear-gradient(90deg,#000,rgba(0,0,0,0.00))\"><\/div><div class=\"l-section-h i-cf\"><div class=\"g-cols vc_row via_grid cols_1 laptops-cols_inherit tablets-cols_1 mobiles-cols_1 valign_top type_default reversed stacking_default\" style=\"grid-gap:0rem;\"><div class=\"wpb_column vc_column_container us_custom_fd43344c\"><div class=\"vc_column-inner\"><ol class=\"g-breadcrumbs us_custom_6df4bc3a has_text_color separator_icon align_none\" itemscope itemtype=\"http:\/\/schema.org\/BreadcrumbList\"><li class=\"g-breadcrumbs-item\" itemscope itemprop=\"itemListElement\" itemtype=\"http:\/\/schema.org\/ListItem\"><a itemprop=\"item\" href=\"https:\/\/www.hiplastics.com\/pt\/\"><span itemprop=\"name\">In\u00edcio<\/span><\/a><meta itemprop=\"position\" content=\"1\"\/><\/li><li class=\"g-breadcrumbs-separator\"><i class=\"far fa-angle-right\"><\/i><\/li><li class=\"g-breadcrumbs-item\">P\u00e1ginas<\/li><\/ol><div class=\"w-separator size_small\"><\/div><h1 class=\"w-text us_custom_8d091153\"><span class=\"w-text-h\"><span class=\"w-text-value\">Os nossos servi\u00e7os<\/span><\/span><\/h1><div class=\"w-hwrapper align_none valign_middle wrap\" style=\"--hwrapper-gap:3rem\"><div class=\"w-popup w-btn-wrapper align_none\"><button aria-label=\"Entrar em contacto\" class=\"w-popup-trigger type_btn w-btn us-btn-style_2 icon_atleft\"><i class=\"fas fa-envelope\"><\/i><span class=\"w-btn-label\">Entrar em contacto<\/span><\/button><div class=\"w-popup-overlay\" style=\"background:rgba(0,0,0,0.85);\"><\/div><div class=\"w-popup-wrap\" style=\"--title-color:var(--color-content-heading);--title-bg-color:var(--color-content-bg-alt);--content-color:var(--color-content-text);--content-bg-color:var(--color-content-bg)\"><div class=\"w-popup-box animation_flipHor closerpos_inside without_title\" style=\"width:600px;\"><div class=\"w-popup-box-h\"><div class=\"w-popup-box-content\" style=\"padding:12%;\"><div class=\"wpcf7 no-js\" id=\"wpcf7-f125-o1\" lang=\"en-US\" dir=\"ltr\" data-wpcf7-id=\"125\">\n<div class=\"screen-reader-response\"><p role=\"status\" aria-live=\"polite\" aria-atomic=\"true\"><\/p> <ul><\/ul><\/div>\n<form action=\"\/pt\/wp-json\/wp\/v2\/pages\/685#wpcf7-f125-o1\" method=\"post\" class=\"wpcf7-form init\" aria-label=\"Contact form\" novalidate=\"novalidate\" data-status=\"init\" data-trp-original-action=\"\/pt\/wp-json\/wp\/v2\/pages\/685#wpcf7-f125-o1\">\n<div style=\"display: none;\">\n<input type=\"hidden\" name=\"_wpcf7\" value=\"125\" \/>\n<input type=\"hidden\" name=\"_wpcf7_version\" value=\"6.0.6\" \/>\n<input type=\"hidden\" name=\"_wpcf7_locale\" value=\"en_US\" \/>\n<input type=\"hidden\" name=\"_wpcf7_unit_tag\" value=\"wpcf7-f125-o1\" \/>\n<input type=\"hidden\" name=\"_wpcf7_container_post\" value=\"0\" \/>\n<input type=\"hidden\" name=\"_wpcf7_posted_data_hash\" value=\"\" \/>\n<input type=\"hidden\" name=\"_wpcf7dtx_version\" value=\"5.0.5\" \/>\n<input type=\"hidden\" name=\"_wpcf7_recaptcha_response\" value=\"\" \/>\n<\/div>\n<div class=\"contact-title\">\n\t<h3>Obter um or\u00e7amento\n\t<\/h3>\n<\/div>\n<div class=\"outer\">\n\t<div class=\"inner\">\n\t\t<p><span class=\"wpcf7-form-control-wrap\" data-name=\"your-name\"><input size=\"40\" maxlength=\"400\" class=\"wpcf7-form-control wpcf7-text wpcf7-validates-as-required\" aria-required=\"true\" aria-invalid=\"false\" placeholder=\"O seu nome*\" value=\"\" type=\"text\" name=\"your-name\" \/><\/span>\n\t\t<\/p>\n\t<\/div>\n\t<div class=\"inner\">\n\t\t<p><span class=\"wpcf7-form-control-wrap\" data-name=\"your-email\"><input size=\"40\" maxlength=\"400\" class=\"wpcf7-form-control wpcf7-email wpcf7-validates-as-required wpcf7-text wpcf7-validates-as-email\" aria-required=\"true\" aria-invalid=\"false\" placeholder=\"Endere\u00e7o de correio eletr\u00f3nico*\" value=\"\" type=\"email\" name=\"your-email\" \/><\/span>\n\t\t<\/p>\n\t<\/div>\n<\/div>\n<div class=\"outer\">\n\t<div class=\"inner\">\n\t\t<p><span class=\"wpcf7-form-control-wrap\" data-name=\"your-tel\"><input size=\"40\" maxlength=\"400\" class=\"wpcf7-form-control wpcf7-tel wpcf7-validates-as-required wpcf7-text wpcf7-validates-as-tel\" aria-required=\"true\" aria-invalid=\"false\" placeholder=\"O seu telem\u00f3vel*\" value=\"\" type=\"tel\" name=\"your-tel\" \/><\/span>\n\t\t<\/p>\n\t<\/div>\n\t<div class=\"inner\">\n\t\t<p><span class=\"wpcf7-form-control-wrap\" data-name=\"your-country\"><input size=\"40\" maxlength=\"400\" class=\"wpcf7-form-control wpcf7-text\" aria-invalid=\"false\" placeholder=\"Pa\u00eds ou regi\u00e3o\" value=\"\" type=\"text\" name=\"your-country\" \/><\/span>\n\t\t<\/p>\n\t<\/div>\n<\/div>\n<div>\n\t<p><span class=\"wpcf7-form-control-wrap\" data-name=\"your-message\"><textarea cols=\"40\" rows=\"10\" maxlength=\"2000\" class=\"wpcf7-form-control wpcf7-textarea wpcf7-validates-as-required\" aria-required=\"true\" aria-invalid=\"false\" placeholder=\"Indique-nos a sua necessidade de forma t\u00e3o espec\u00edfica quanto poss\u00edvel*\" name=\"your-message\"><\/textarea><\/span>\n\t<\/p>\n<\/div>\n<div style=\"display:none\">\n<span class=\"wpcf7-form-control-wrap your-url\" data-name=\"your-url\"><input type=\"hidden\" name=\"your-url\" class=\"wpcf7-form-control wpcf7-hidden wpcf7dtx wpcf7dtx-hidden\" aria-invalid=\"false\" value=\"https:\/\/www.hiplastics.com\/pt\/pt\/wp-json\/wp\/v2\/pages\/685\"><\/span>\n<\/div>\n<div class=\"form-button\">\n\t<p><input class=\"wpcf7-form-control wpcf7-submit has-spinner\" type=\"submit\" value=\"Enviar mensagem\" \/>\n\t<\/p>\n<\/div><div class=\"wpcf7-response-output\" aria-hidden=\"true\"><\/div>\n<input type=\"hidden\" name=\"trp-form-language\" value=\"pt\"\/><\/form>\n<\/div>\n<\/div><div class=\"w-popup-closer\"><\/div><\/div><\/div><\/div><\/div><div class=\"wpb_text_column us_custom_70c1749c\"><div class=\"wpb_wrapper\"><p>Proporcionar uma experi\u00eancia de elevado valor para um sucesso sustent\u00e1vel e a longo prazo.<\/p>\n<\/div><\/div><\/div><\/div><\/div><\/div><\/div><\/section><section class=\"l-section wpb_row us_custom_5b5b2c01 itemBlock height_medium\"><div class=\"l-section-h i-cf\"><div class=\"g-cols vc_row via_grid cols_3 laptops-cols_inherit tablets-cols_2 mobiles-cols_1 valign_top type_default stacking_default\" style=\"grid-gap:2.80rem;\"><div class=\"wpb_column vc_column_container us_custom_3c0ff939 has_bg_color\"><div class=\"vc_column-inner\"><div class=\"w-text us_custom_feec6894 has_text_color\"><span class=\"w-text-h\"><span class=\"w-text-value\">01<\/span><\/span><\/div><h5 class=\"w-text us_custom_9fb13cbc has_text_color\"><span class=\"w-text-h\"><span class=\"w-text-value\">Vis\u00e3o geral dos servi\u00e7os da Hiplastics<\/span><\/span><\/h5><div class=\"w-image align_center\"><div class=\"w-image-h\"><img loading=\"lazy\" decoding=\"async\" width=\"400\" height=\"300\" src=\"https:\/\/www.hiplastics.com\/wp-content\/uploads\/2023\/08\/service1.webp\" class=\"attachment-full size-full\" title=\"Our Services\u63d2\u56fe\" alt=\"Our Services\u63d2\u56fe\" \/><\/div><\/div><div class=\"w-separator us_custom_a280f4f5 size_small\"><\/div><div class=\"wpb_text_column\"><div class=\"wpb_wrapper\"><header class=\"fancy-title\">\n<p class=\"mb-30 lqd-unit-animation-done\">HIPLASTICS, oferecemos solu\u00e7\u00f5es e servi\u00e7os profissionais e completos no fornecimento de produtos de pl\u00e1stico de solu\u00e7\u00f5es de etiquetagem na loja.<br \/>\nA nossa equipa de design, altamente experiente no dom\u00ednio dos produtos de pl\u00e1stico para a venda a retalho, est\u00e1 pronta a colaborar consigo para...<\/p>\n<\/header>\n<ul class=\"reset-ul font-size-11 lh-15 font-weight-bold ltr-sp-1 text-dark\">\n<li class=\"mb-15 lqd-unit-animation-done\">- Pesquisa de design<\/li>\n<li class=\"mb-15 lqd-unit-animation-done\">- Estrat\u00e9gia<\/li>\n<li class=\"mb-15 lqd-unit-animation-done\">- Engenharia<\/li>\n<li class=\"mb-15 lqd-unit-animation-done\">- Prototipagem<\/li>\n<li class=\"mb-15 lqd-unit-animation-done\">- Apoio \u00e0 marca<\/li>\n<\/ul>\n<\/div><\/div><\/div><\/div><div class=\"wpb_column vc_column_container us_custom_136fefde has_bg_color\"><div class=\"vc_column-inner\"><div class=\"w-text us_custom_feec6894 has_text_color\"><span class=\"w-text-h\"><span class=\"w-text-value\">02<\/span><\/span><\/div><h5 class=\"w-text us_custom_9fb13cbc has_text_color\"><span class=\"w-text-h\"><span class=\"w-text-value\">Amostragem de produtos<\/span><\/span><\/h5><div class=\"w-image align_center\"><div class=\"w-image-h\"><img loading=\"lazy\" decoding=\"async\" width=\"400\" height=\"300\" src=\"https:\/\/www.hiplastics.com\/wp-content\/uploads\/2023\/08\/service2.webp\" class=\"attachment-full size-full\" title=\"Our Services\u63d2\u56fe1\" alt=\"Our Services\u63d2\u56fe1\" \/><\/div><\/div><div class=\"w-separator us_custom_a280f4f5 size_small\"><\/div><div class=\"wpb_text_column\"><div class=\"wpb_wrapper\"><header class=\"fancy-title\">\n<header class=\"fancy-title\">\n<p class=\"mb-30 lqd-unit-animation-done\">Para garantir a exatid\u00e3o e a satisfa\u00e7\u00e3o da sua encomenda, recebemos amostras em quatro fases do processo de fabrico...<\/p>\n<\/header>\n<ul class=\"reset-ul font-size-11 lh-15 font-weight-bold ltr-sp-1 text-dark\">\n<li class=\"mb-15 lqd-unit-animation-done\">- Conce\u00e7\u00e3o do produto<\/li>\n<li class=\"mb-15 lqd-unit-animation-done\">- Conce\u00e7\u00e3o de moldes<\/li>\n<li class=\"mb-15 lqd-unit-animation-done\">- Fabrico de moldes<\/li>\n<li class=\"mb-15 lqd-unit-animation-done\">- Montagem do molde<\/li>\n<li class=\"mb-15 lqd-unit-animation-done\">- Manuseamento de materiais<\/li>\n<li class=\"mb-15 lqd-unit-animation-done\">- Configura\u00e7\u00e3o da m\u00e1quina<\/li>\n<li class=\"mb-15 lqd-unit-animation-done\">- Produ\u00e7\u00e3o final<\/li>\n<\/ul>\n<\/header>\n<\/div><\/div><\/div><\/div><div class=\"wpb_column vc_column_container us_custom_136fefde has_bg_color\"><div class=\"vc_column-inner\"><div class=\"w-text us_custom_feec6894 has_text_color\"><span class=\"w-text-h\"><span class=\"w-text-value\">03<\/span><\/span><\/div><h5 class=\"w-text us_custom_9fb13cbc has_text_color\"><span class=\"w-text-h\"><span class=\"w-text-value\">Investiga\u00e7\u00e3o e desenvolvimento<\/span><\/span><\/h5><div class=\"w-image align_center\"><div class=\"w-image-h\"><img loading=\"lazy\" decoding=\"async\" width=\"400\" height=\"300\" src=\"https:\/\/www.hiplastics.com\/wp-content\/uploads\/2023\/09\/service3.jpg\" class=\"attachment-full size-full\"  srcset=\"https:\/\/www.hiplastics.com\/wp-content\/uploads\/2023\/09\/service3.jpg 400w, https:\/\/www.hiplastics.com\/wp-content\/uploads\/2023\/09\/service3-200x150.jpg 200w\" sizes=\"auto, (max-width: 400px) 100vw, 400px\" title=\"Our Services\u63d2\u56fe2\" alt=\"Our Services\u63d2\u56fe2\" \/><\/div><\/div><div class=\"w-separator us_custom_a280f4f5 size_small\"><\/div><div class=\"wpb_text_column\"><div class=\"wpb_wrapper\"><header class=\"fancy-title\">\n<header class=\"fancy-title\">\n<p class=\"mb-30 lqd-unit-animation-done\">Trabalhar em parceria com a nossa equipa de I&amp;D de alto n\u00edvel permite-lhe estar na vanguarda da...<\/p>\n<\/header>\n<ul class=\"reset-ul font-size-11 lh-15 font-weight-bold ltr-sp-1 text-dark\">\n<li class=\"mb-15 lqd-unit-animation-done\">- Antecipar o mercado<\/li>\n<li class=\"mb-15 lqd-unit-animation-done\">- For\u00e7a tecnol\u00f3gica<\/li>\n<li class=\"mb-15 lqd-unit-animation-done\">- Desenvolvimento inovador de novos produtos<\/li>\n<li class=\"mb-15 lqd-unit-animation-done\">- Engenharia especializada<\/li>\n<\/ul>\n<\/header>\n<\/div><\/div><\/div><\/div><\/div><\/div><\/section><section class=\"l-section wpb_row us_custom_5b5b2c01 itemBlock height_medium\"><div class=\"l-section-h i-cf\"><div class=\"g-cols vc_row via_grid cols_3 laptops-cols_inherit tablets-cols_2 mobiles-cols_1 valign_top type_default stacking_default\" style=\"grid-gap:2.80rem;\"><div class=\"wpb_column vc_column_container us_custom_3c0ff939 has_bg_color\"><div class=\"vc_column-inner\"><div class=\"w-text us_custom_feec6894 has_text_color\"><span class=\"w-text-h\"><span class=\"w-text-value\">04<\/span><\/span><\/div><h5 class=\"w-text us_custom_9fb13cbc has_text_color\"><span class=\"w-text-h\"><span class=\"w-text-value\">Controlo de qualidade<\/span><\/span><\/h5><div class=\"w-image align_center\"><div class=\"w-image-h\"><img loading=\"lazy\" decoding=\"async\" width=\"400\" height=\"300\" src=\"https:\/\/www.hiplastics.com\/wp-content\/uploads\/2023\/08\/service4.webp\" class=\"attachment-full size-full\" title=\"Our Services\u63d2\u56fe3\" alt=\"Our Services\u63d2\u56fe3\" \/><\/div><\/div><div class=\"w-separator us_custom_a280f4f5 size_small\"><\/div><div class=\"wpb_text_column\"><div class=\"wpb_wrapper\"><header class=\"fancy-title\">\n<header class=\"fancy-title\">\n<p class=\"mb-30 lqd-unit-animation-done\">Os nossos fornecedores de mat\u00e9rias-primas e parceiros de trabalho est\u00e3o sujeitos a elevadas expectativas. O nosso servi\u00e7o inclui a desloca\u00e7\u00e3o ao local dos fornecedores para realizar inspec\u00e7\u00f5es ao longo dos seus processos de fabrico, ao mesmo tempo que exigimos o rigor total do controlo de qualidade a n\u00edvel interno.<\/p>\n<\/header>\n<ul class=\"reset-ul font-size-11 lh-15 font-weight-bold ltr-sp-1 text-dark\">\n<li class=\"mb-15 lqd-unit-animation-done\">- Entrega de mat\u00e9rias-primas<\/li>\n<li class=\"mb-15 lqd-unit-animation-done\">- Pr\u00e9-produ\u00e7\u00e3o<\/li>\n<li class=\"mb-15 lqd-unit-animation-done\">- Produ\u00e7\u00e3o<\/li>\n<li class=\"mb-15 lqd-unit-animation-done\">- Pr\u00e9-expedi\u00e7\u00e3o<\/li>\n<\/ul>\n<\/header>\n<\/div><\/div><\/div><\/div><div class=\"wpb_column vc_column_container us_custom_136fefde has_bg_color\"><div class=\"vc_column-inner\"><div class=\"w-text us_custom_feec6894 has_text_color\"><span class=\"w-text-h\"><span class=\"w-text-value\">05<\/span><\/span><\/div><h5 class=\"w-text us_custom_9fb13cbc has_text_color\"><span class=\"w-text-h\"><span class=\"w-text-value\">Certifica\u00e7\u00f5es<\/span><\/span><\/h5><div class=\"w-image align_center\"><div class=\"w-image-h\"><img loading=\"lazy\" decoding=\"async\" width=\"400\" height=\"300\" src=\"https:\/\/www.hiplastics.com\/wp-content\/uploads\/2023\/08\/service5.webp\" class=\"attachment-full size-full\" title=\"Our Services\u63d2\u56fe4\" alt=\"Our Services\u63d2\u56fe4\" \/><\/div><\/div><div class=\"w-separator us_custom_a280f4f5 size_small\"><\/div><div class=\"wpb_text_column\"><div class=\"wpb_wrapper\"><header class=\"fancy-title\">\n<header class=\"fancy-title\">\n<header class=\"fancy-title\">\n<p class=\"mb-30 lqd-unit-animation-done\">Se necess\u00e1rio, podemos organizar testes e certifica\u00e7\u00f5es independentes com o fornecedor externo da sua escolha, incluindo...<\/p>\n<\/header>\n<ul class=\"reset-ul font-size-11 lh-15 font-weight-bold ltr-sp-1 text-dark\">\n<li class=\"mb-15 lqd-unit-animation-done\">- SGS<\/li>\n<li class=\"mb-15 lqd-unit-animation-done\">- Gabinete Veritas<\/li>\n<li class=\"mb-15 lqd-unit-animation-done\">- ISO9001 ISO14001 ISO45001<\/li>\n<li class=\"mb-15 lqd-unit-animation-done\">- Mais de 20 patentes<\/li>\n<\/ul>\n<\/header>\n<\/header>\n<\/div><\/div><\/div><\/div><div class=\"wpb_column vc_column_container us_custom_136fefde has_bg_color\"><div class=\"vc_column-inner\"><div class=\"w-text us_custom_feec6894 has_text_color\"><span class=\"w-text-h\"><span class=\"w-text-value\">06<\/span><\/span><\/div><h5 class=\"w-text us_custom_9fb13cbc has_text_color\"><span class=\"w-text-h\"><span class=\"w-text-value\">Embalagem<\/span><\/span><\/h5><div class=\"w-image align_center\"><div class=\"w-image-h\"><img loading=\"lazy\" decoding=\"async\" width=\"400\" height=\"300\" src=\"https:\/\/www.hiplastics.com\/wp-content\/uploads\/2023\/08\/service6.webp\" class=\"attachment-full size-full\" title=\"Our Services\u63d2\u56fe5\" alt=\"Our Services\u63d2\u56fe5\" \/><\/div><\/div><div class=\"w-separator us_custom_a280f4f5 size_small\"><\/div><div class=\"wpb_text_column\"><div class=\"wpb_wrapper\"><header class=\"fancy-title\">\n<header class=\"fancy-title\">\n<header class=\"fancy-title\">\n<p class=\"mb-30 lqd-unit-animation-done\">Temos o maior cuidado em garantir que o seu envio \u00e9 embalado exatamente da forma que pretende, independentemente de ser para...<\/p>\n<\/header>\n<ul class=\"reset-ul font-size-11 lh-15 font-weight-bold ltr-sp-1 text-dark\">\n<li class=\"mb-15 lqd-unit-animation-done\">- Retalho<\/li>\n<li class=\"mb-15 lqd-unit-animation-done\">- Personaliza\u00e7\u00e3o<\/li>\n<li class=\"mb-15 lqd-unit-animation-done\">- Designers de retalho<\/li>\n<li class=\"mb-15 lqd-unit-animation-done\">- Amostra<\/li>\n<\/ul>\n<\/header>\n<\/header>\n<\/div><\/div><\/div><\/div><\/div><\/div><\/section><section class=\"l-section wpb_row us_custom_cfd0d040 itemBlock height_medium\"><div class=\"l-section-h i-cf\"><div class=\"g-cols vc_row via_grid cols_3 laptops-cols_inherit tablets-cols_2 mobiles-cols_1 valign_top type_default stacking_default\" style=\"grid-gap:2.80rem;\"><div class=\"wpb_column vc_column_container us_custom_3c0ff939 has_bg_color\"><div class=\"vc_column-inner\"><div class=\"w-text us_custom_feec6894 has_text_color\"><span class=\"w-text-h\"><span class=\"w-text-value\">07<\/span><\/span><\/div><h5 class=\"w-text us_custom_9fb13cbc has_text_color\"><span class=\"w-text-h\"><span class=\"w-text-value\">Entrega<\/span><\/span><\/h5><div class=\"w-image align_center\"><div class=\"w-image-h\"><img loading=\"lazy\" decoding=\"async\" width=\"400\" height=\"300\" src=\"https:\/\/www.hiplastics.com\/wp-content\/uploads\/2023\/08\/service7.webp\" class=\"attachment-full size-full\" title=\"Our Services\u63d2\u56fe6\" alt=\"Our Services\u63d2\u56fe6\" \/><\/div><\/div><div class=\"w-separator us_custom_a280f4f5 size_small\"><\/div><div class=\"wpb_text_column\"><div class=\"wpb_wrapper\"><header class=\"fancy-title\">\n<header class=\"fancy-title\">\n<header class=\"fancy-title\">\n<p class=\"mb-30 lqd-unit-animation-done\">Desde a conce\u00e7\u00e3o at\u00e9 ao momento em que chega \u00e0s suas m\u00e3os, tratamos de tudo...<\/p>\n<\/header>\n<ul class=\"reset-ul font-size-11 lh-15 font-weight-bold ltr-sp-1 text-dark\">\n<li class=\"mb-15 lqd-unit-animation-done\">- Transporte de mercadorias<\/li>\n<li class=\"mb-15 lqd-unit-animation-done\">- FOB China<\/li>\n<li class=\"mb-15 lqd-unit-animation-done\">- CIF para o porto de requisi\u00e7\u00e3o<\/li>\n<li class=\"mb-15 lqd-unit-animation-done\">- Porta a porta<\/li>\n<\/ul>\n<\/header>\n<\/header>\n<\/div><\/div><\/div><\/div><div class=\"wpb_column vc_column_container us_custom_136fefde has_bg_color\"><div class=\"vc_column-inner\"><div class=\"w-text us_custom_feec6894 has_text_color\"><span class=\"w-text-h\"><span class=\"w-text-value\">08<\/span><\/span><\/div><h5 class=\"w-text us_custom_9fb13cbc has_text_color\"><span class=\"w-text-h\"><span class=\"w-text-value\">P\u00f3s-venda<\/span><\/span><\/h5><div class=\"w-image align_center\"><div class=\"w-image-h\"><img loading=\"lazy\" decoding=\"async\" width=\"400\" height=\"300\" src=\"https:\/\/www.hiplastics.com\/wp-content\/uploads\/2023\/08\/service8.webp\" class=\"attachment-full size-full\" title=\"Our Services\u63d2\u56fe7\" alt=\"Our Services\u63d2\u56fe7\" \/><\/div><\/div><div class=\"w-separator us_custom_a280f4f5 size_small\"><\/div><div class=\"wpb_text_column\"><div class=\"wpb_wrapper\"><header class=\"fancy-title\">\n<header class=\"fancy-title\">\n<header class=\"fancy-title\">\n<header class=\"fancy-title\">\n<p class=\"mb-30 lqd-unit-animation-done\">Mantemos uma aten\u00e7\u00e3o especial ap\u00f3s o envio da encomenda, utilizando o feedback para o seu bem e para a melhoria dos nossos processos internos<\/p>\n<\/header>\n<ul class=\"reset-ul font-size-11 lh-15 font-weight-bold ltr-sp-1 text-dark\">\n<li class=\"mb-15 lqd-unit-animation-done\">- Altera\u00e7\u00e3o de ordem futura<\/li>\n<li class=\"mb-15 lqd-unit-animation-done\">- Ofertas de produtos alternativos<\/li>\n<li class=\"mb-15 lqd-unit-animation-done\">- Pesquisa de fornecedores<\/li>\n<li class=\"mb-15 lqd-unit-animation-done\">- Gama de produtos alargada<\/li>\n<\/ul>\n<\/header>\n<\/header>\n<\/header>\n<\/div><\/div><\/div><\/div><div class=\"wpb_column vc_column_container us_custom_959dbe39 has_bg_color\"><div class=\"vc_column-inner\"><div class=\"w-text us_custom_feec6894 has_text_color\"><span class=\"w-text-h\"><span class=\"w-text-value\">09<\/span><\/span><\/div><h5 class=\"w-text us_custom_9fb13cbc has_text_color\"><span class=\"w-text-h\"><span class=\"w-text-value\">Confidencial<\/span><\/span><\/h5><div class=\"w-image align_center\"><div class=\"w-image-h\"><img loading=\"lazy\" decoding=\"async\" width=\"400\" height=\"300\" src=\"https:\/\/www.hiplastics.com\/wp-content\/uploads\/2023\/09\/Confidential.png\" class=\"attachment-full size-full\"  srcset=\"https:\/\/www.hiplastics.com\/wp-content\/uploads\/2023\/09\/Confidential.png 400w, https:\/\/www.hiplastics.com\/wp-content\/uploads\/2023\/09\/Confidential-200x150.png 200w\" sizes=\"auto, (max-width: 400px) 100vw, 400px\" title=\"Our Services\u63d2\u56fe8\" alt=\"Our Services\u63d2\u56fe8\" \/><\/div><\/div><div class=\"w-separator us_custom_a280f4f5 size_small\"><\/div><div class=\"wpb_text_column\"><div class=\"wpb_wrapper\"><header class=\"fancy-title\">\n<header class=\"fancy-title\">\n<header class=\"fancy-title\">\n<header class=\"fancy-title\">\n<p class=\"mb-30 lqd-unit-animation-done\">A Hiplastics valoriza e respeita a rela\u00e7\u00e3o comercial e aceita o Acordo NDA<br \/>\nque vai ajudar a manter um segredo para\uff1a<\/p>\n<\/header>\n<ul class=\"reset-ul font-size-11 lh-15 font-weight-bold ltr-sp-1 text-dark\">\n<li class=\"mb-15 lqd-unit-animation-done\">- Balan\u00e7os financeiros, documentos<\/li>\n<li class=\"mb-15 lqd-unit-animation-done\">- Materiais, documentos de trabalho<\/li>\n<li class=\"mb-15 lqd-unit-animation-done\">- Especifica\u00e7\u00f5es, esquemas, planos<\/li>\n<li class=\"mb-15 lqd-unit-animation-done\">- Conceitos de design, diagramas<\/li>\n<li>- E outros dados e informa\u00e7\u00f5es divulgados por ambas as partes<\/li>\n<\/ul>\n<\/header>\n<\/header>\n<\/header>\n<\/div><\/div><\/div><\/div><\/div><\/div><\/section>","protected":false},"excerpt":{"rendered":"In\u00edcioP\u00e1ginasOur ServicesGet in Touch Get A Quote Delivering a high-value experience for long-term, sustainable success. 01Hiplastics Services Overview HIPLASTICS, we offer professional, comprehensive solutions and service in supplying plastic products of labeling solutions in-store. Our design team, highly experienced within plastic products for retailing fields, stands ready to collaborate with you for&#8230; &#8211; Design Reserch...","protected":false},"author":9,"featured_media":0,"parent":35,"menu_order":0,"comment_status":"closed","ping_status":"closed","template":"","meta":{"footnotes":""},"class_list":["post-685","page","type-page","status-publish","hentry"],"acf":[],"_links":{"self":[{"href":"https:\/\/www.hiplastics.com\/pt\/wp-json\/wp\/v2\/pages\/685","targetHints":{"allow":["GET"]}}],"collection":[{"href":"https:\/\/www.hiplastics.com\/pt\/wp-json\/wp\/v2\/pages"}],"about":[{"href":"https:\/\/www.hiplastics.com\/pt\/wp-json\/wp\/v2\/types\/page"}],"author":[{"embeddable":true,"href":"https:\/\/www.hiplastics.com\/pt\/wp-json\/wp\/v2\/users\/9"}],"replies":[{"embeddable":true,"href":"https:\/\/www.hiplastics.com\/pt\/wp-json\/wp\/v2\/comments?post=685"}],"version-history":[{"count":0,"href":"https:\/\/www.hiplastics.com\/pt\/wp-json\/wp\/v2\/pages\/685\/revisions"}],"up":[{"embeddable":true,"href":"https:\/\/www.hiplastics.com\/pt\/wp-json\/wp\/v2\/pages\/35"}],"wp:attachment":[{"href":"https:\/\/www.hiplastics.com\/pt\/wp-json\/wp\/v2\/media?parent=685"}],"curies":[{"name":"wp","href":"https:\/\/api.w.org\/{rel}","templated":true}]}}