{"id":14042,"date":"2023-08-08T16:34:36","date_gmt":"2023-08-08T08:34:36","guid":{"rendered":"http:\/\/fh.linkerr.cn\/?page_id=14042"},"modified":"2025-09-17T13:41:49","modified_gmt":"2025-09-17T05:41:49","slug":"rd-capacity","status":"publish","type":"page","link":"https:\/\/www.hiplastics.com\/pt\/rd-capability.html","title":{"rendered":"Capacidade de I&amp;D"},"content":{"rendered":"<section class=\"l-section wpb_row pageHeaders height_huge color_secondary with_img parallax_ver\"><div class=\"l-section-img\" data-img-width=\"1920\" data-img-height=\"520\" style=\"background-image: url(https:\/\/www.hiplastics.com\/wp-content\/uploads\/2023\/05\/hmprobg-1.jpg);\"><\/div><div class=\"l-section-overlay\" style=\"background:linear-gradient(90deg,#000,rgba(0,0,0,0.00))\"><\/div><div class=\"l-section-h i-cf\"><div class=\"g-cols vc_row via_grid cols_1 laptops-cols_inherit tablets-cols_1 mobiles-cols_1 valign_top type_default reversed stacking_default\" style=\"grid-gap:0rem;\"><div class=\"wpb_column vc_column_container us_custom_fd43344c\"><div class=\"vc_column-inner\"><ol class=\"g-breadcrumbs us_custom_6df4bc3a has_text_color separator_icon align_none\" itemscope itemtype=\"http:\/\/schema.org\/BreadcrumbList\"><li class=\"g-breadcrumbs-item\" itemscope itemprop=\"itemListElement\" itemtype=\"http:\/\/schema.org\/ListItem\"><a itemprop=\"item\" href=\"https:\/\/www.hiplastics.com\/pt\/\"><span itemprop=\"name\">In\u00edcio<\/span><\/a><meta itemprop=\"position\" content=\"1\"\/><\/li><li class=\"g-breadcrumbs-separator\"><i class=\"far fa-angle-right\"><\/i><\/li><li class=\"g-breadcrumbs-item\">P\u00e1ginas<\/li><\/ol><div class=\"w-separator size_small\"><\/div><h1 class=\"w-text us_custom_8d091153\"><span class=\"w-text-h\"><span class=\"w-text-value\">Capacidade de I&amp;D<\/span><\/span><\/h1><div class=\"w-hwrapper align_none valign_middle wrap\" style=\"--hwrapper-gap:3rem\"><div class=\"w-popup w-btn-wrapper align_none\"><button aria-label=\"Entrar em contacto\" class=\"w-popup-trigger type_btn w-btn us-btn-style_2 icon_atleft\"><i class=\"fas fa-envelope\"><\/i><span class=\"w-btn-label\">Entrar em contacto<\/span><\/button><div class=\"w-popup-overlay\" style=\"background:rgba(0,0,0,0.85);\"><\/div><div class=\"w-popup-wrap\" style=\"--title-color:var(--color-content-heading);--title-bg-color:var(--color-content-bg-alt);--content-color:var(--color-content-text);--content-bg-color:var(--color-content-bg)\"><div class=\"w-popup-box animation_flipHor closerpos_inside without_title\" style=\"width:600px;\"><div class=\"w-popup-box-h\"><div class=\"w-popup-box-content\" style=\"padding:12%;\"><div class=\"wpcf7 no-js\" id=\"wpcf7-f125-o1\" lang=\"en-US\" dir=\"ltr\" data-wpcf7-id=\"125\">\n<div class=\"screen-reader-response\"><p role=\"status\" aria-live=\"polite\" aria-atomic=\"true\"><\/p> <ul><\/ul><\/div>\n<form action=\"\/pt\/wp-json\/wp\/v2\/pages\/14042#wpcf7-f125-o1\" method=\"post\" class=\"wpcf7-form init\" aria-label=\"Contact form\" novalidate=\"novalidate\" data-status=\"init\" data-trp-original-action=\"\/pt\/wp-json\/wp\/v2\/pages\/14042#wpcf7-f125-o1\">\n<div style=\"display: none;\">\n<input type=\"hidden\" name=\"_wpcf7\" value=\"125\" \/>\n<input type=\"hidden\" name=\"_wpcf7_version\" value=\"6.0.6\" \/>\n<input type=\"hidden\" name=\"_wpcf7_locale\" value=\"en_US\" \/>\n<input type=\"hidden\" name=\"_wpcf7_unit_tag\" value=\"wpcf7-f125-o1\" \/>\n<input type=\"hidden\" name=\"_wpcf7_container_post\" value=\"0\" \/>\n<input type=\"hidden\" name=\"_wpcf7_posted_data_hash\" value=\"\" \/>\n<input type=\"hidden\" name=\"_wpcf7dtx_version\" value=\"5.0.5\" \/>\n<input type=\"hidden\" name=\"_wpcf7_recaptcha_response\" value=\"\" \/>\n<\/div>\n<div class=\"contact-title\">\n\t<h3>Obter um or\u00e7amento\n\t<\/h3>\n<\/div>\n<div class=\"outer\">\n\t<div class=\"inner\">\n\t\t<p><span class=\"wpcf7-form-control-wrap\" data-name=\"your-name\"><input size=\"40\" maxlength=\"400\" class=\"wpcf7-form-control wpcf7-text wpcf7-validates-as-required\" aria-required=\"true\" aria-invalid=\"false\" placeholder=\"O seu nome*\" value=\"\" type=\"text\" name=\"your-name\" \/><\/span>\n\t\t<\/p>\n\t<\/div>\n\t<div class=\"inner\">\n\t\t<p><span class=\"wpcf7-form-control-wrap\" data-name=\"your-email\"><input size=\"40\" maxlength=\"400\" class=\"wpcf7-form-control wpcf7-email wpcf7-validates-as-required wpcf7-text wpcf7-validates-as-email\" aria-required=\"true\" aria-invalid=\"false\" placeholder=\"Endere\u00e7o de correio eletr\u00f3nico*\" value=\"\" type=\"email\" name=\"your-email\" \/><\/span>\n\t\t<\/p>\n\t<\/div>\n<\/div>\n<div class=\"outer\">\n\t<div class=\"inner\">\n\t\t<p><span class=\"wpcf7-form-control-wrap\" data-name=\"your-tel\"><input size=\"40\" maxlength=\"400\" class=\"wpcf7-form-control wpcf7-tel wpcf7-validates-as-required wpcf7-text wpcf7-validates-as-tel\" aria-required=\"true\" aria-invalid=\"false\" placeholder=\"O seu telem\u00f3vel*\" value=\"\" type=\"tel\" name=\"your-tel\" \/><\/span>\n\t\t<\/p>\n\t<\/div>\n\t<div class=\"inner\">\n\t\t<p><span class=\"wpcf7-form-control-wrap\" data-name=\"your-country\"><input size=\"40\" maxlength=\"400\" class=\"wpcf7-form-control wpcf7-text\" aria-invalid=\"false\" placeholder=\"Pa\u00eds ou regi\u00e3o\" value=\"\" type=\"text\" name=\"your-country\" \/><\/span>\n\t\t<\/p>\n\t<\/div>\n<\/div>\n<div>\n\t<p><span class=\"wpcf7-form-control-wrap\" data-name=\"your-message\"><textarea cols=\"40\" rows=\"10\" maxlength=\"2000\" class=\"wpcf7-form-control wpcf7-textarea wpcf7-validates-as-required\" aria-required=\"true\" aria-invalid=\"false\" placeholder=\"Indique-nos a sua necessidade de forma t\u00e3o espec\u00edfica quanto poss\u00edvel*\" name=\"your-message\"><\/textarea><\/span>\n\t<\/p>\n<\/div>\n<div style=\"display:none\">\n<span class=\"wpcf7-form-control-wrap your-url\" data-name=\"your-url\"><input type=\"hidden\" name=\"your-url\" class=\"wpcf7-form-control wpcf7-hidden wpcf7dtx wpcf7dtx-hidden\" aria-invalid=\"false\" value=\"https:\/\/www.hiplastics.com\/pt\/pt\/wp-json\/wp\/v2\/pages\/14042\"><\/span>\n<\/div>\n<div class=\"form-button\">\n\t<p><input class=\"wpcf7-form-control wpcf7-submit has-spinner\" type=\"submit\" value=\"Enviar mensagem\" \/>\n\t<\/p>\n<\/div><div class=\"wpcf7-response-output\" aria-hidden=\"true\"><\/div>\n<input type=\"hidden\" name=\"trp-form-language\" value=\"pt\"\/><\/form>\n<\/div>\n<\/div><div class=\"w-popup-closer\"><\/div><\/div><\/div><\/div><\/div><div class=\"wpb_text_column us_custom_70c1749c\"><div class=\"wpb_wrapper\"><p>Trabalhamos com as principais marcas e retalhistas de todo o mundo, criando solu\u00e7\u00f5es personalizadas para os nossos clientes.<\/p>\n<\/div><\/div><\/div><\/div><\/div><\/div><\/div><\/section><section class=\"l-section wpb_row us_custom_6c9654dc height_huge\"><div class=\"l-section-h i-cf\"><div class=\"g-cols vc_row via_grid cols_1 laptops-cols_inherit tablets-cols_inherit mobiles-cols_1 valign_top type_default stacking_default\"><div class=\"wpb_column vc_column_container\"><div class=\"vc_column-inner\"><div class=\"wpb_text_column us_custom_d9d2068f\"><div class=\"wpb_wrapper\"><h4>1. como personalizamos os produtos?<\/h4>\n<p>Como fabricante direto com mais de 10 anos de experi\u00eancia em I&amp;D, a hiplastics pode compreender perfeitamente a sua ideia e depois optimiz\u00e1-la para produtos reais. A nossa equipa tem todo o prazer em ajudar com projectos, desenhos, amostras 3D, apoio t\u00e9cnico, etc.<\/p>\n<\/div><\/div><div class=\"w-image align_center\"><div class=\"w-image-h\"><img loading=\"lazy\" decoding=\"async\" width=\"1298\" height=\"896\" src=\"https:\/\/www.hiplastics.com\/wp-content\/uploads\/2025\/09\/TOPRD-2-1.jpg\" class=\"attachment-large size-large\"  srcset=\"https:\/\/www.hiplastics.com\/wp-content\/uploads\/2025\/09\/TOPRD-2-1.jpg 1298w, https:\/\/www.hiplastics.com\/wp-content\/uploads\/2025\/09\/TOPRD-2-1-18x12.jpg 18w, https:\/\/www.hiplastics.com\/wp-content\/uploads\/2025\/09\/TOPRD-2-1-200x138.jpg 200w\" sizes=\"auto, (max-width: 1298px) 100vw, 1298px\" title=\"R&#038;D Capability\u63d2\u56fe\" alt=\"R&#038;D Capability\u63d2\u56fe\" \/><\/div><\/div><\/div><\/div><\/div><\/div><\/section><section class=\"l-section wpb_row us_custom_f3f68ac4 advantageLi height_huge\"><div class=\"l-section-h i-cf\"><div class=\"g-cols vc_row via_grid cols_1 laptops-cols_inherit tablets-cols_inherit mobiles-cols_1 valign_top type_default stacking_default\"><div class=\"wpb_column vc_column_container\"><div class=\"vc_column-inner\"><div class=\"wpb_text_column us_custom_d9d2068f\"><div class=\"wpb_wrapper\"><h4>2. materiais ecol\u00f3gicos lan\u00e7ados na produ\u00e7\u00e3o em massa<\/h4>\n<p>Com os esfor\u00e7os da equipa de engenharia, foram lan\u00e7ados na produ\u00e7\u00e3o em massa cada vez mais materiais ecol\u00f3gicos, como o material HIPS reciclado, o material PETG, o material PLA biodegrad\u00e1vel, etc.<\/p>\n<\/div><\/div><div class=\"g-cols wpb_row via_grid cols_1-4 laptops-cols_inherit tablets-cols_inherit mobiles-cols_1 valign_middle type_default reversed stacking_default\" style=\"grid-gap:3.5vw;\"><div class=\"wpb_column vc_column_container\"><div class=\"vc_column-inner\"><div class=\"w-image style_shadow-2 align_center\"><div class=\"w-image-h\"><div class=\"w-image-shadow\" style=\"background-image:url(https:\/\/www.hiplastics.com\/wp-content\/uploads\/2023\/08\/PLA.png);\"><\/div><img loading=\"lazy\" decoding=\"async\" width=\"360\" height=\"299\" src=\"https:\/\/www.hiplastics.com\/wp-content\/uploads\/2023\/08\/PLA.png\" class=\"attachment-full size-full\" title=\"R&#038;D Capability\u63d2\u56fe1\" alt=\"R&#038;D Capability\u63d2\u56fe1\" \/><\/div><\/div><\/div><\/div><div class=\"wpb_column vc_column_container\"><div class=\"vc_column-inner\"><div class=\"wpb_text_column\"><div class=\"wpb_wrapper\"><h3>100% Material biodegrad\u00e1vel\uff08\u00c1cido poli-l\u00e1tico\uff08PLA\uff09\uff09<\/h3>\n<p>Ao contr\u00e1rio dos pl\u00e1sticos tradicionais, o material de base biol\u00f3gica prov\u00e9m de recursos renov\u00e1veis, como o milho, a mandioca, a cana-de-a\u00e7\u00facar, etc. Pode substituir a maioria dos pl\u00e1sticos sint\u00e9ticos e reduzir a depend\u00eancia das pessoas do petr\u00f3leo.<\/p>\n<\/div><\/div><\/div><\/div><\/div><div class=\"w-separator us_custom_16aeb33e size_small\"><\/div><div class=\"g-cols wpb_row via_grid cols_1-4 laptops-cols_inherit tablets-cols_inherit mobiles-cols_1 valign_middle type_default reversed stacking_default\" style=\"grid-gap:3.5vw;\"><div class=\"wpb_column vc_column_container\"><div class=\"vc_column-inner\"><div class=\"w-image style_shadow-2 align_center\"><div class=\"w-image-h\"><div class=\"w-image-shadow\" style=\"background-image:url(https:\/\/www.hiplastics.com\/wp-content\/uploads\/2023\/08\/PETG.png);\"><\/div><img loading=\"lazy\" decoding=\"async\" width=\"360\" height=\"306\" src=\"https:\/\/www.hiplastics.com\/wp-content\/uploads\/2023\/08\/PETG.png\" class=\"attachment-full size-full\" title=\"R&#038;D Capability\u63d2\u56fe2\" alt=\"R&#038;D Capability\u63d2\u56fe2\" \/><\/div><\/div><\/div><\/div><div class=\"wpb_column vc_column_container\"><div class=\"vc_column-inner\"><div class=\"wpb_text_column\"><div class=\"wpb_wrapper\"><h3>Material PETG\uff08Glicol de Tereftalato de Polietileno\uff08PETG\uff09\uff09<\/h3>\n<p>O PETG \u00e9 mais ecol\u00f3gico do que o PVC comum, e a nossa equipa aplicou-o a produtos como a fita de dados DBR39, divisores de dobragem a quente, etc.<\/p>\n<\/div><\/div><\/div><\/div><\/div><div class=\"w-separator us_custom_16aeb33e size_small\"><\/div><div class=\"g-cols wpb_row via_grid cols_1-4 laptops-cols_inherit tablets-cols_inherit mobiles-cols_1 valign_middle type_default reversed stacking_default\" style=\"grid-gap:3.5vw;\"><div class=\"wpb_column vc_column_container\"><div class=\"vc_column-inner\"><div class=\"w-image style_shadow-2 align_center\"><div class=\"w-image-h\"><div class=\"w-image-shadow\" style=\"background-image:url(https:\/\/www.hiplastics.com\/wp-content\/uploads\/2023\/08\/HIPS.png);\"><\/div><img loading=\"lazy\" decoding=\"async\" width=\"360\" height=\"303\" src=\"https:\/\/www.hiplastics.com\/wp-content\/uploads\/2023\/08\/HIPS.png\" class=\"attachment-full size-full\" title=\"R&#038;D Capability\u63d2\u56fe3\" alt=\"R&#038;D Capability\u63d2\u56fe3\" \/><\/div><\/div><\/div><\/div><div class=\"wpb_column vc_column_container\"><div class=\"vc_column-inner\"><div class=\"wpb_text_column\"><div class=\"wpb_wrapper\"><h3>Material reciclado HIPS\uff08Estireno de poli\u00e9ster de alto impacto\uff08HIPS\uff09\uff09<\/h3>\n<p>N\u00f3s, Hiplastics, temos vindo a utilizar um enorme volume de material reciclado para a produ\u00e7\u00e3o em massa, como o HIPS, o ABS, etc., o que n\u00e3o exigir\u00e1\/ocupar\u00e1 mais recursos sociais.<\/p>\n<\/div><\/div><\/div><\/div><\/div><div class=\"w-separator us_custom_16aeb33e size_small\"><\/div><div class=\"g-cols wpb_row via_grid cols_1-4 laptops-cols_inherit tablets-cols_inherit mobiles-cols_1 valign_middle type_default reversed stacking_default\" style=\"grid-gap:3.5vw;\"><div class=\"wpb_column vc_column_container\"><div class=\"vc_column-inner\"><div class=\"w-image style_shadow-2 align_none\"><div class=\"w-image-h\"><div class=\"w-image-shadow\" style=\"background-image:url(https:\/\/www.hiplastics.com\/wp-content\/uploads\/2023\/08\/UV.png);\"><\/div><img loading=\"lazy\" decoding=\"async\" width=\"360\" height=\"304\" src=\"https:\/\/www.hiplastics.com\/wp-content\/uploads\/2023\/08\/UV.png\" class=\"attachment-full size-full\" title=\"R&#038;D Capability\u63d2\u56fe4\" alt=\"R&#038;D Capability\u63d2\u56fe4\" \/><\/div><\/div><\/div><\/div><div class=\"wpb_column vc_column_container\"><div class=\"vc_column-inner\"><div class=\"wpb_text_column\"><div class=\"wpb_wrapper\"><h3>Material anti-UV\uff08Ultravioleta\uff08UV\uff09\uff09<\/h3>\n<p>Como sabemos, a radia\u00e7\u00e3o UV acelera o tempo de desgaste dos pl\u00e1sticos, pelo que os materiais que utiliz\u00e1mos para as calhas ESL s\u00e3o todos tratados com prote\u00e7\u00e3o UV para prolongar a vida \u00fatil do produto.<\/p>\n<\/div><\/div><\/div><\/div><\/div><div class=\"w-separator us_custom_16aeb33e size_small\"><\/div><div class=\"g-cols wpb_row via_grid cols_1-4 laptops-cols_inherit tablets-cols_inherit mobiles-cols_1 valign_middle type_default reversed stacking_default\" style=\"grid-gap:3.5vw;\"><div class=\"wpb_column vc_column_container\"><div class=\"vc_column-inner\"><div class=\"w-image style_shadow-2 align_center\"><div class=\"w-image-h\"><div class=\"w-image-shadow\" style=\"background-image:url(https:\/\/www.hiplastics.com\/wp-content\/uploads\/2023\/08\/lower.png);\"><\/div><img loading=\"lazy\" decoding=\"async\" width=\"360\" height=\"300\" src=\"https:\/\/www.hiplastics.com\/wp-content\/uploads\/2023\/08\/lower.png\" class=\"attachment-full size-full\" title=\"R&#038;D Capability\u63d2\u56fe5\" alt=\"R&#038;D Capability\u63d2\u56fe5\" \/><\/div><\/div><\/div><\/div><div class=\"wpb_column vc_column_container\"><div class=\"vc_column-inner\"><div class=\"wpb_text_column\"><div class=\"wpb_wrapper\"><h3>Material resistente ao frio<\/h3>\n<p>A Hiplastics desenvolveu o material que \u00e9 tratado com auxiliares resistentes ao frio, de modo a que os suportes n\u00e3o sejam fr\u00e1geis, mas sim dur\u00e1veis em zonas frigor\u00edficas e congeladas.<\/p>\n<\/div><\/div><\/div><\/div><\/div><\/div><\/div><\/div><\/div><\/section>","protected":false},"excerpt":{"rendered":"In\u00edcioP\u00e1ginasR&amp;D CapabilityGet in Touch Get A Quote Working with top brands and retailers all over the world, creating customized solutions for our customers. 1.How We Customize the Products? As a direct-manufacturer with over 10 years\u2019 R&amp;D experience, we hiplastics can perfectly understand your idea, then optimize to real products. our team is happy to assist...","protected":false},"author":9,"featured_media":182,"parent":35,"menu_order":0,"comment_status":"closed","ping_status":"closed","template":"","meta":{"footnotes":""},"class_list":["post-14042","page","type-page","status-publish","has-post-thumbnail","hentry"],"acf":[],"_links":{"self":[{"href":"https:\/\/www.hiplastics.com\/pt\/wp-json\/wp\/v2\/pages\/14042","targetHints":{"allow":["GET"]}}],"collection":[{"href":"https:\/\/www.hiplastics.com\/pt\/wp-json\/wp\/v2\/pages"}],"about":[{"href":"https:\/\/www.hiplastics.com\/pt\/wp-json\/wp\/v2\/types\/page"}],"author":[{"embeddable":true,"href":"https:\/\/www.hiplastics.com\/pt\/wp-json\/wp\/v2\/users\/9"}],"replies":[{"embeddable":true,"href":"https:\/\/www.hiplastics.com\/pt\/wp-json\/wp\/v2\/comments?post=14042"}],"version-history":[{"count":6,"href":"https:\/\/www.hiplastics.com\/pt\/wp-json\/wp\/v2\/pages\/14042\/revisions"}],"predecessor-version":[{"id":30398,"href":"https:\/\/www.hiplastics.com\/pt\/wp-json\/wp\/v2\/pages\/14042\/revisions\/30398"}],"up":[{"embeddable":true,"href":"https:\/\/www.hiplastics.com\/pt\/wp-json\/wp\/v2\/pages\/35"}],"wp:featuredmedia":[{"embeddable":true,"href":"https:\/\/www.hiplastics.com\/pt\/wp-json\/wp\/v2\/media\/182"}],"wp:attachment":[{"href":"https:\/\/www.hiplastics.com\/pt\/wp-json\/wp\/v2\/media?parent=14042"}],"curies":[{"name":"wp","href":"https:\/\/api.w.org\/{rel}","templated":true}]}}