{"id":685,"date":"2021-12-16T00:02:00","date_gmt":"2021-12-16T00:02:00","guid":{"rendered":"https:\/\/impreza29.us-themes.com\/?page_id=264"},"modified":"2023-10-12T09:46:56","modified_gmt":"2023-10-12T01:46:56","slug":"services","status":"publish","type":"page","link":"https:\/\/www.hiplastics.com\/fr\/our-services.html","title":{"rendered":"Nos services"},"content":{"rendered":"<section class=\"l-section wpb_row pageHeaders height_huge color_secondary with_img parallax_ver\"><div class=\"l-section-img\" data-img-width=\"1920\" data-img-height=\"520\" style=\"background-image: url(https:\/\/www.hiplastics.com\/wp-content\/uploads\/2023\/05\/hmprobg-1.jpg);\"><\/div><div class=\"l-section-overlay\" style=\"background:linear-gradient(90deg,#000,rgba(0,0,0,0.00))\"><\/div><div class=\"l-section-h i-cf\"><div class=\"g-cols vc_row via_grid cols_1 laptops-cols_inherit tablets-cols_1 mobiles-cols_1 valign_top type_default reversed stacking_default\" style=\"grid-gap:0rem;\"><div class=\"wpb_column vc_column_container us_custom_fd43344c\"><div class=\"vc_column-inner\"><ol class=\"g-breadcrumbs us_custom_6df4bc3a has_text_color separator_icon align_none\" itemscope itemtype=\"http:\/\/schema.org\/BreadcrumbList\"><li class=\"g-breadcrumbs-item\" itemscope itemprop=\"itemListElement\" itemtype=\"http:\/\/schema.org\/ListItem\"><a itemprop=\"item\" href=\"https:\/\/www.hiplastics.com\/fr\/\"><span itemprop=\"name\">Accueil<\/span><\/a><meta itemprop=\"position\" content=\"1\"\/><\/li><li class=\"g-breadcrumbs-separator\"><i class=\"far fa-angle-right\"><\/i><\/li><li class=\"g-breadcrumbs-item\">Pages<\/li><\/ol><div class=\"w-separator size_small\"><\/div><h1 class=\"w-text us_custom_8d091153\"><span class=\"w-text-h\"><span class=\"w-text-value\">Nos services<\/span><\/span><\/h1><div class=\"w-hwrapper align_none valign_middle wrap\" style=\"--hwrapper-gap:3rem\"><div class=\"w-popup w-btn-wrapper align_none\"><button aria-label=\"Prendre contact\" class=\"w-popup-trigger type_btn w-btn us-btn-style_2 icon_atleft\"><i class=\"fas fa-envelope\"><\/i><span class=\"w-btn-label\">Prendre contact<\/span><\/button><div class=\"w-popup-overlay\" style=\"background:rgba(0,0,0,0.85);\"><\/div><div class=\"w-popup-wrap\" style=\"--title-color:var(--color-content-heading);--title-bg-color:var(--color-content-bg-alt);--content-color:var(--color-content-text);--content-bg-color:var(--color-content-bg)\"><div class=\"w-popup-box animation_flipHor closerpos_inside without_title\" style=\"width:600px;\"><div class=\"w-popup-box-h\"><div class=\"w-popup-box-content\" style=\"padding:12%;\"><div class=\"wpcf7 no-js\" id=\"wpcf7-f125-o1\" lang=\"en-US\" dir=\"ltr\" data-wpcf7-id=\"125\">\n<div class=\"screen-reader-response\"><p role=\"status\" aria-live=\"polite\" aria-atomic=\"true\"><\/p> <ul><\/ul><\/div>\n<form action=\"\/fr\/wp-json\/wp\/v2\/pages\/685#wpcf7-f125-o1\" method=\"post\" class=\"wpcf7-form init\" aria-label=\"Formulaire de contact\" novalidate=\"novalidate\" data-status=\"init\" data-trp-original-action=\"\/fr\/wp-json\/wp\/v2\/pages\/685#wpcf7-f125-o1\">\n<div style=\"display: none;\">\n<input type=\"hidden\" name=\"_wpcf7\" value=\"125\" \/>\n<input type=\"hidden\" name=\"_wpcf7_version\" value=\"6.0.6\" \/>\n<input type=\"hidden\" name=\"_wpcf7_locale\" value=\"en_US\" \/>\n<input type=\"hidden\" name=\"_wpcf7_unit_tag\" value=\"wpcf7-f125-o1\" \/>\n<input type=\"hidden\" name=\"_wpcf7_container_post\" value=\"0\" \/>\n<input type=\"hidden\" name=\"_wpcf7_posted_data_hash\" value=\"\" \/>\n<input type=\"hidden\" name=\"_wpcf7dtx_version\" value=\"5.0.5\" \/>\n<input type=\"hidden\" name=\"_wpcf7_recaptcha_response\" value=\"\" \/>\n<\/div>\n<div class=\"contact-title\">\n\t<h3>Obtenir un devis\n\t<\/h3>\n<\/div>\n<div class=\"outer\">\n\t<div class=\"inner\">\n\t\t<p><span class=\"wpcf7-form-control-wrap\" data-name=\"your-name\"><input size=\"40\" maxlength=\"400\" class=\"wpcf7-form-control wpcf7-text wpcf7-validates-as-required\" aria-required=\"true\" aria-invalid=\"false\" placeholder=\"Votre nom*\" value=\"\" type=\"text\" name=\"your-name\" \/><\/span>\n\t\t<\/p>\n\t<\/div>\n\t<div class=\"inner\">\n\t\t<p><span class=\"wpcf7-form-control-wrap\" data-name=\"your-email\"><input size=\"40\" maxlength=\"400\" class=\"wpcf7-form-control wpcf7-email wpcf7-validates-as-required wpcf7-text wpcf7-validates-as-email\" aria-required=\"true\" aria-invalid=\"false\" placeholder=\"Adresse \u00e9lectronique*\" value=\"\" type=\"email\" name=\"your-email\" \/><\/span>\n\t\t<\/p>\n\t<\/div>\n<\/div>\n<div class=\"outer\">\n\t<div class=\"inner\">\n\t\t<p><span class=\"wpcf7-form-control-wrap\" data-name=\"your-tel\"><input size=\"40\" maxlength=\"400\" class=\"wpcf7-form-control wpcf7-tel wpcf7-validates-as-required wpcf7-text wpcf7-validates-as-tel\" aria-required=\"true\" aria-invalid=\"false\" placeholder=\"Votre t\u00e9l\u00e9phone*\" value=\"\" type=\"tel\" name=\"your-tel\" \/><\/span>\n\t\t<\/p>\n\t<\/div>\n\t<div class=\"inner\">\n\t\t<p><span class=\"wpcf7-form-control-wrap\" data-name=\"your-country\"><input size=\"40\" maxlength=\"400\" class=\"wpcf7-form-control wpcf7-text\" aria-invalid=\"false\" placeholder=\"Pays ou r\u00e9gion\" value=\"\" type=\"text\" name=\"your-country\" \/><\/span>\n\t\t<\/p>\n\t<\/div>\n<\/div>\n<div>\n\t<p><span class=\"wpcf7-form-control-wrap\" data-name=\"your-message\"><textarea cols=\"40\" rows=\"10\" maxlength=\"2000\" class=\"wpcf7-form-control wpcf7-textarea wpcf7-validates-as-required\" aria-required=\"true\" aria-invalid=\"false\" placeholder=\"Pr\u00e9cisez votre besoin le plus pr\u00e9cis\u00e9ment possible*\" name=\"your-message\"><\/textarea><\/span>\n\t<\/p>\n<\/div>\n<div style=\"display:none\">\n<span class=\"wpcf7-form-control-wrap your-url\" data-name=\"your-url\"><input type=\"hidden\" name=\"your-url\" class=\"wpcf7-form-control wpcf7-hidden wpcf7dtx wpcf7dtx-hidden\" aria-invalid=\"false\" value=\"https:\/\/www.hiplastics.com\/fr\/fr\/wp-json\/wp\/v2\/pages\/685\"><\/span>\n<\/div>\n<div class=\"form-button\">\n\t<p><input class=\"wpcf7-form-control wpcf7-submit has-spinner\" type=\"submit\" value=\"Envoyer un message\" \/>\n\t<\/p>\n<\/div><div class=\"wpcf7-response-output\" aria-hidden=\"true\"><\/div>\n<input type=\"hidden\" name=\"trp-form-language\" value=\"fr\"\/><\/form>\n<\/div>\n<\/div><div class=\"w-popup-closer\"><\/div><\/div><\/div><\/div><\/div><div class=\"wpb_text_column us_custom_70c1749c\"><div class=\"wpb_wrapper\"><p>Offrir une exp\u00e9rience de grande valeur pour un succ\u00e8s durable et \u00e0 long terme.<\/p>\n<\/div><\/div><\/div><\/div><\/div><\/div><\/div><\/section><section class=\"l-section wpb_row us_custom_5b5b2c01 itemBlock height_medium\"><div class=\"l-section-h i-cf\"><div class=\"g-cols vc_row via_grid cols_3 laptops-cols_inherit tablets-cols_2 mobiles-cols_1 valign_top type_default stacking_default\" style=\"grid-gap:2.80rem;\"><div class=\"wpb_column vc_column_container us_custom_3c0ff939 has_bg_color\"><div class=\"vc_column-inner\"><div class=\"w-text us_custom_feec6894 has_text_color\"><span class=\"w-text-h\"><span class=\"w-text-value\">01<\/span><\/span><\/div><h5 class=\"w-text us_custom_9fb13cbc has_text_color\"><span class=\"w-text-h\"><span class=\"w-text-value\">Aper\u00e7u des services Hiplastics<\/span><\/span><\/h5><div class=\"w-image align_center\"><div class=\"w-image-h\"><img loading=\"lazy\" decoding=\"async\" width=\"400\" height=\"300\" src=\"https:\/\/www.hiplastics.com\/wp-content\/uploads\/2023\/08\/service1.webp\" class=\"attachment-full size-full\" title=\"Our Services\u63d2\u56fe\" alt=\"Our Services\u63d2\u56fe\" \/><\/div><\/div><div class=\"w-separator us_custom_a280f4f5 size_small\"><\/div><div class=\"wpb_text_column\"><div class=\"wpb_wrapper\"><header class=\"fancy-title\">\n<p class=\"mb-30 lqd-unit-animation-done\">HIPLASTICS, nous offrons des solutions et des services professionnels et complets pour la fourniture de produits plastiques et de solutions d'\u00e9tiquetage en magasin.<br \/>\nNotre \u00e9quipe de conception, tr\u00e8s exp\u00e9riment\u00e9e dans le domaine des produits en plastique pour la vente au d\u00e9tail, est pr\u00eate \u00e0 collaborer avec vous pour...<\/p>\n<\/header>\n<ul class=\"reset-ul font-size-11 lh-15 font-weight-bold ltr-sp-1 text-dark\">\n<li class=\"mb-15 lqd-unit-animation-done\">- Recherche en design<\/li>\n<li class=\"mb-15 lqd-unit-animation-done\">- Strat\u00e9gie<\/li>\n<li class=\"mb-15 lqd-unit-animation-done\">- Ing\u00e9nierie<\/li>\n<li class=\"mb-15 lqd-unit-animation-done\">- Prototypage<\/li>\n<li class=\"mb-15 lqd-unit-animation-done\">- Soutien \u00e0 la marque<\/li>\n<\/ul>\n<\/div><\/div><\/div><\/div><div class=\"wpb_column vc_column_container us_custom_136fefde has_bg_color\"><div class=\"vc_column-inner\"><div class=\"w-text us_custom_feec6894 has_text_color\"><span class=\"w-text-h\"><span class=\"w-text-value\">02<\/span><\/span><\/div><h5 class=\"w-text us_custom_9fb13cbc has_text_color\"><span class=\"w-text-h\"><span class=\"w-text-value\">\u00c9chantillonnage des produits<\/span><\/span><\/h5><div class=\"w-image align_center\"><div class=\"w-image-h\"><img loading=\"lazy\" decoding=\"async\" width=\"400\" height=\"300\" src=\"https:\/\/www.hiplastics.com\/wp-content\/uploads\/2023\/08\/service2.webp\" class=\"attachment-full size-full\" title=\"Our Services\u63d2\u56fe1\" alt=\"Our Services\u63d2\u56fe1\" \/><\/div><\/div><div class=\"w-separator us_custom_a280f4f5 size_small\"><\/div><div class=\"wpb_text_column\"><div class=\"wpb_wrapper\"><header class=\"fancy-title\">\n<header class=\"fancy-title\">\n<p class=\"mb-30 lqd-unit-animation-done\">Pour garantir la pr\u00e9cision et la satisfaction de votre commande, nous vous remettons des \u00e9chantillons en main propre \u00e0 quatre \u00e9tapes du processus de fabrication...<\/p>\n<\/header>\n<ul class=\"reset-ul font-size-11 lh-15 font-weight-bold ltr-sp-1 text-dark\">\n<li class=\"mb-15 lqd-unit-animation-done\">- Conception du produit<\/li>\n<li class=\"mb-15 lqd-unit-animation-done\">- Conception des moules<\/li>\n<li class=\"mb-15 lqd-unit-animation-done\">- Fabrication de moules<\/li>\n<li class=\"mb-15 lqd-unit-animation-done\">- Assemblage du moule<\/li>\n<li class=\"mb-15 lqd-unit-animation-done\">- Manutention<\/li>\n<li class=\"mb-15 lqd-unit-animation-done\">- Configuration de la machine<\/li>\n<li class=\"mb-15 lqd-unit-animation-done\">- Production finale<\/li>\n<\/ul>\n<\/header>\n<\/div><\/div><\/div><\/div><div class=\"wpb_column vc_column_container us_custom_136fefde has_bg_color\"><div class=\"vc_column-inner\"><div class=\"w-text us_custom_feec6894 has_text_color\"><span class=\"w-text-h\"><span class=\"w-text-value\">03<\/span><\/span><\/div><h5 class=\"w-text us_custom_9fb13cbc has_text_color\"><span class=\"w-text-h\"><span class=\"w-text-value\">Recherche et d\u00e9veloppement<\/span><\/span><\/h5><div class=\"w-image align_center\"><div class=\"w-image-h\"><img loading=\"lazy\" decoding=\"async\" width=\"400\" height=\"300\" src=\"https:\/\/www.hiplastics.com\/wp-content\/uploads\/2023\/09\/service3.jpg\" class=\"attachment-full size-full\"  srcset=\"https:\/\/www.hiplastics.com\/wp-content\/uploads\/2023\/09\/service3.jpg 400w, https:\/\/www.hiplastics.com\/wp-content\/uploads\/2023\/09\/service3-200x150.jpg 200w\" sizes=\"auto, (max-width: 400px) 100vw, 400px\" title=\"Our Services\u63d2\u56fe2\" alt=\"Our Services\u63d2\u56fe2\" \/><\/div><\/div><div class=\"w-separator us_custom_a280f4f5 size_small\"><\/div><div class=\"wpb_text_column\"><div class=\"wpb_wrapper\"><header class=\"fancy-title\">\n<header class=\"fancy-title\">\n<p class=\"mb-30 lqd-unit-animation-done\">En collaborant avec notre \u00e9quipe de R&amp;D de premier plan, vous aurez une longueur d'avance gr\u00e2ce \u00e0...<\/p>\n<\/header>\n<ul class=\"reset-ul font-size-11 lh-15 font-weight-bold ltr-sp-1 text-dark\">\n<li class=\"mb-15 lqd-unit-animation-done\">- Anticiper le march\u00e9<\/li>\n<li class=\"mb-15 lqd-unit-animation-done\">- Force technologique<\/li>\n<li class=\"mb-15 lqd-unit-animation-done\">- D\u00e9veloppement de nouveaux produits innovants<\/li>\n<li class=\"mb-15 lqd-unit-animation-done\">- Ing\u00e9nierie d'experts<\/li>\n<\/ul>\n<\/header>\n<\/div><\/div><\/div><\/div><\/div><\/div><\/section><section class=\"l-section wpb_row us_custom_5b5b2c01 itemBlock height_medium\"><div class=\"l-section-h i-cf\"><div class=\"g-cols vc_row via_grid cols_3 laptops-cols_inherit tablets-cols_2 mobiles-cols_1 valign_top type_default stacking_default\" style=\"grid-gap:2.80rem;\"><div class=\"wpb_column vc_column_container us_custom_3c0ff939 has_bg_color\"><div class=\"vc_column-inner\"><div class=\"w-text us_custom_feec6894 has_text_color\"><span class=\"w-text-h\"><span class=\"w-text-value\">04<\/span><\/span><\/div><h5 class=\"w-text us_custom_9fb13cbc has_text_color\"><span class=\"w-text-h\"><span class=\"w-text-value\">Contr\u00f4le de la qualit\u00e9<\/span><\/span><\/h5><div class=\"w-image align_center\"><div class=\"w-image-h\"><img loading=\"lazy\" decoding=\"async\" width=\"400\" height=\"300\" src=\"https:\/\/www.hiplastics.com\/wp-content\/uploads\/2023\/08\/service4.webp\" class=\"attachment-full size-full\" title=\"Our Services\u63d2\u56fe3\" alt=\"Our Services\u63d2\u56fe3\" \/><\/div><\/div><div class=\"w-separator us_custom_a280f4f5 size_small\"><\/div><div class=\"wpb_text_column\"><div class=\"wpb_wrapper\"><header class=\"fancy-title\">\n<header class=\"fancy-title\">\n<p class=\"mb-30 lqd-unit-animation-done\">Nous attendons beaucoup de nos fournisseurs de mati\u00e8res premi\u00e8res et de nos partenaires de travail. Notre service consiste \u00e0 nous rendre chez les fournisseurs pour effectuer des inspections tout au long de leurs processus de fabrication, tout en exigeant d'eux une rigueur totale en mati\u00e8re de contr\u00f4le de la qualit\u00e9 en interne....<\/p>\n<\/header>\n<ul class=\"reset-ul font-size-11 lh-15 font-weight-bold ltr-sp-1 text-dark\">\n<li class=\"mb-15 lqd-unit-animation-done\">- Livraison des mati\u00e8res premi\u00e8res<\/li>\n<li class=\"mb-15 lqd-unit-animation-done\">- Pr\u00e9production<\/li>\n<li class=\"mb-15 lqd-unit-animation-done\">- Production<\/li>\n<li class=\"mb-15 lqd-unit-animation-done\">- Pr\u00e9-exp\u00e9dition<\/li>\n<\/ul>\n<\/header>\n<\/div><\/div><\/div><\/div><div class=\"wpb_column vc_column_container us_custom_136fefde has_bg_color\"><div class=\"vc_column-inner\"><div class=\"w-text us_custom_feec6894 has_text_color\"><span class=\"w-text-h\"><span class=\"w-text-value\">05<\/span><\/span><\/div><h5 class=\"w-text us_custom_9fb13cbc has_text_color\"><span class=\"w-text-h\"><span class=\"w-text-value\">Certifications<\/span><\/span><\/h5><div class=\"w-image align_center\"><div class=\"w-image-h\"><img loading=\"lazy\" decoding=\"async\" width=\"400\" height=\"300\" src=\"https:\/\/www.hiplastics.com\/wp-content\/uploads\/2023\/08\/service5.webp\" class=\"attachment-full size-full\" title=\"Our Services\u63d2\u56fe4\" alt=\"Our Services\u63d2\u56fe4\" \/><\/div><\/div><div class=\"w-separator us_custom_a280f4f5 size_small\"><\/div><div class=\"wpb_text_column\"><div class=\"wpb_wrapper\"><header class=\"fancy-title\">\n<header class=\"fancy-title\">\n<header class=\"fancy-title\">\n<p class=\"mb-30 lqd-unit-animation-done\">Si n\u00e9cessaire, nous pouvons organiser des tests et des certifications ind\u00e9pendants avec le fournisseur tiers de votre choix, y compris...<\/p>\n<\/header>\n<ul class=\"reset-ul font-size-11 lh-15 font-weight-bold ltr-sp-1 text-dark\">\n<li class=\"mb-15 lqd-unit-animation-done\">- SGS<\/li>\n<li class=\"mb-15 lqd-unit-animation-done\">- Bureau Veritas<\/li>\n<li class=\"mb-15 lqd-unit-animation-done\">- ISO9001 ISO14001 ISO45001<\/li>\n<li class=\"mb-15 lqd-unit-animation-done\">- Plus de 20 brevets<\/li>\n<\/ul>\n<\/header>\n<\/header>\n<\/div><\/div><\/div><\/div><div class=\"wpb_column vc_column_container us_custom_136fefde has_bg_color\"><div class=\"vc_column-inner\"><div class=\"w-text us_custom_feec6894 has_text_color\"><span class=\"w-text-h\"><span class=\"w-text-value\">06<\/span><\/span><\/div><h5 class=\"w-text us_custom_9fb13cbc has_text_color\"><span class=\"w-text-h\"><span class=\"w-text-value\">Emballage<\/span><\/span><\/h5><div class=\"w-image align_center\"><div class=\"w-image-h\"><img loading=\"lazy\" decoding=\"async\" width=\"400\" height=\"300\" src=\"https:\/\/www.hiplastics.com\/wp-content\/uploads\/2023\/08\/service6.webp\" class=\"attachment-full size-full\" title=\"Our Services\u63d2\u56fe5\" alt=\"Our Services\u63d2\u56fe5\" \/><\/div><\/div><div class=\"w-separator us_custom_a280f4f5 size_small\"><\/div><div class=\"wpb_text_column\"><div class=\"wpb_wrapper\"><header class=\"fancy-title\">\n<header class=\"fancy-title\">\n<header class=\"fancy-title\">\n<p class=\"mb-30 lqd-unit-animation-done\">Nous veillons \u00e0 ce que votre envoi soit emball\u00e9 exactement comme vous le souhaitez, qu'il soit destin\u00e9 \u00e0...<\/p>\n<\/header>\n<ul class=\"reset-ul font-size-11 lh-15 font-weight-bold ltr-sp-1 text-dark\">\n<li class=\"mb-15 lqd-unit-animation-done\">- Vente au d\u00e9tail<\/li>\n<li class=\"mb-15 lqd-unit-animation-done\">- Personnalisation<\/li>\n<li class=\"mb-15 lqd-unit-animation-done\">- Concepteurs du commerce de d\u00e9tail<\/li>\n<li class=\"mb-15 lqd-unit-animation-done\">- \u00c9chantillon<\/li>\n<\/ul>\n<\/header>\n<\/header>\n<\/div><\/div><\/div><\/div><\/div><\/div><\/section><section class=\"l-section wpb_row us_custom_cfd0d040 itemBlock height_medium\"><div class=\"l-section-h i-cf\"><div class=\"g-cols vc_row via_grid cols_3 laptops-cols_inherit tablets-cols_2 mobiles-cols_1 valign_top type_default stacking_default\" style=\"grid-gap:2.80rem;\"><div class=\"wpb_column vc_column_container us_custom_3c0ff939 has_bg_color\"><div class=\"vc_column-inner\"><div class=\"w-text us_custom_feec6894 has_text_color\"><span class=\"w-text-h\"><span class=\"w-text-value\">07<\/span><\/span><\/div><h5 class=\"w-text us_custom_9fb13cbc has_text_color\"><span class=\"w-text-h\"><span class=\"w-text-value\">Livraison<\/span><\/span><\/h5><div class=\"w-image align_center\"><div class=\"w-image-h\"><img loading=\"lazy\" decoding=\"async\" width=\"400\" height=\"300\" src=\"https:\/\/www.hiplastics.com\/wp-content\/uploads\/2023\/08\/service7.webp\" class=\"attachment-full size-full\" title=\"Our Services\u63d2\u56fe6\" alt=\"Our Services\u63d2\u56fe6\" \/><\/div><\/div><div class=\"w-separator us_custom_a280f4f5 size_small\"><\/div><div class=\"wpb_text_column\"><div class=\"wpb_wrapper\"><header class=\"fancy-title\">\n<header class=\"fancy-title\">\n<header class=\"fancy-title\">\n<p class=\"mb-30 lqd-unit-animation-done\">Du concept au moment o\u00f9 il arrive entre vos mains, nous nous occupons de tout...<\/p>\n<\/header>\n<ul class=\"reset-ul font-size-11 lh-15 font-weight-bold ltr-sp-1 text-dark\">\n<li class=\"mb-15 lqd-unit-animation-done\">- Exp\u00e9dition de fret<\/li>\n<li class=\"mb-15 lqd-unit-animation-done\">- FOB Chine<\/li>\n<li class=\"mb-15 lqd-unit-animation-done\">- CIF au port de demande<\/li>\n<li class=\"mb-15 lqd-unit-animation-done\">- Porte \u00e0 porte<\/li>\n<\/ul>\n<\/header>\n<\/header>\n<\/div><\/div><\/div><\/div><div class=\"wpb_column vc_column_container us_custom_136fefde has_bg_color\"><div class=\"vc_column-inner\"><div class=\"w-text us_custom_feec6894 has_text_color\"><span class=\"w-text-h\"><span class=\"w-text-value\">08<\/span><\/span><\/div><h5 class=\"w-text us_custom_9fb13cbc has_text_color\"><span class=\"w-text-h\"><span class=\"w-text-value\">Apr\u00e8s-vente<\/span><\/span><\/h5><div class=\"w-image align_center\"><div class=\"w-image-h\"><img loading=\"lazy\" decoding=\"async\" width=\"400\" height=\"300\" src=\"https:\/\/www.hiplastics.com\/wp-content\/uploads\/2023\/08\/service8.webp\" class=\"attachment-full size-full\" title=\"Our Services\u63d2\u56fe7\" alt=\"Our Services\u63d2\u56fe7\" \/><\/div><\/div><div class=\"w-separator us_custom_a280f4f5 size_small\"><\/div><div class=\"wpb_text_column\"><div class=\"wpb_wrapper\"><header class=\"fancy-title\">\n<header class=\"fancy-title\">\n<header class=\"fancy-title\">\n<header class=\"fancy-title\">\n<p class=\"mb-30 lqd-unit-animation-done\">Nous restons attentifs apr\u00e8s l'exp\u00e9dition de la commande, en utilisant le retour d'information pour votre bien et pour l'am\u00e9lioration de nos processus internes.<\/p>\n<\/header>\n<ul class=\"reset-ul font-size-11 lh-15 font-weight-bold ltr-sp-1 text-dark\">\n<li class=\"mb-15 lqd-unit-animation-done\">- Modification de l'ordre futur<\/li>\n<li class=\"mb-15 lqd-unit-animation-done\">- Autres offres de produits<\/li>\n<li class=\"mb-15 lqd-unit-animation-done\">- Recherche de fournisseurs<\/li>\n<li class=\"mb-15 lqd-unit-animation-done\">- Gamme de produits \u00e9largie<\/li>\n<\/ul>\n<\/header>\n<\/header>\n<\/header>\n<\/div><\/div><\/div><\/div><div class=\"wpb_column vc_column_container us_custom_959dbe39 has_bg_color\"><div class=\"vc_column-inner\"><div class=\"w-text us_custom_feec6894 has_text_color\"><span class=\"w-text-h\"><span class=\"w-text-value\">09<\/span><\/span><\/div><h5 class=\"w-text us_custom_9fb13cbc has_text_color\"><span class=\"w-text-h\"><span class=\"w-text-value\">Confidentiel<\/span><\/span><\/h5><div class=\"w-image align_center\"><div class=\"w-image-h\"><img loading=\"lazy\" decoding=\"async\" width=\"400\" height=\"300\" src=\"https:\/\/www.hiplastics.com\/wp-content\/uploads\/2023\/09\/Confidential.png\" class=\"attachment-full size-full\"  srcset=\"https:\/\/www.hiplastics.com\/wp-content\/uploads\/2023\/09\/Confidential.png 400w, https:\/\/www.hiplastics.com\/wp-content\/uploads\/2023\/09\/Confidential-200x150.png 200w\" sizes=\"auto, (max-width: 400px) 100vw, 400px\" title=\"Our Services\u63d2\u56fe8\" alt=\"Our Services\u63d2\u56fe8\" \/><\/div><\/div><div class=\"w-separator us_custom_a280f4f5 size_small\"><\/div><div class=\"wpb_text_column\"><div class=\"wpb_wrapper\"><header class=\"fancy-title\">\n<header class=\"fancy-title\">\n<header class=\"fancy-title\">\n<header class=\"fancy-title\">\n<p class=\"mb-30 lqd-unit-animation-done\">Hiplastics appr\u00e9cie et respecte la relation d'affaires et accepte l'accord de confidentialit\u00e9.<br \/>\nqui aidera \u00e0 garder un secret pour\uff1a<\/p>\n<\/header>\n<ul class=\"reset-ul font-size-11 lh-15 font-weight-bold ltr-sp-1 text-dark\">\n<li class=\"mb-15 lqd-unit-animation-done\">- \u00c9tats financiers, documents<\/li>\n<li class=\"mb-15 lqd-unit-animation-done\">- Mat\u00e9riel, documents de travail<\/li>\n<li class=\"mb-15 lqd-unit-animation-done\">- Sp\u00e9cifications, sch\u00e9mas, plans<\/li>\n<li class=\"mb-15 lqd-unit-animation-done\">- Concepts de conception, diagrammes<\/li>\n<li>- Et autres donn\u00e9es et informations divulgu\u00e9es par les deux parties<\/li>\n<\/ul>\n<\/header>\n<\/header>\n<\/header>\n<\/div><\/div><\/div><\/div><\/div><\/div><\/section>","protected":false},"excerpt":{"rendered":"AccueilPagesOur ServicesGet in Touch Get A Quote Delivering a high-value experience for long-term, sustainable success. 01Hiplastics Services Overview HIPLASTICS, we offer professional, comprehensive solutions and service in supplying plastic products of labeling solutions in-store. Our design team, highly experienced within plastic products for retailing fields, stands ready to collaborate with you for&#8230; &#8211; Design Reserch...","protected":false},"author":9,"featured_media":0,"parent":35,"menu_order":0,"comment_status":"closed","ping_status":"closed","template":"","meta":{"footnotes":""},"class_list":["post-685","page","type-page","status-publish","hentry"],"acf":[],"_links":{"self":[{"href":"https:\/\/www.hiplastics.com\/fr\/wp-json\/wp\/v2\/pages\/685","targetHints":{"allow":["GET"]}}],"collection":[{"href":"https:\/\/www.hiplastics.com\/fr\/wp-json\/wp\/v2\/pages"}],"about":[{"href":"https:\/\/www.hiplastics.com\/fr\/wp-json\/wp\/v2\/types\/page"}],"author":[{"embeddable":true,"href":"https:\/\/www.hiplastics.com\/fr\/wp-json\/wp\/v2\/users\/9"}],"replies":[{"embeddable":true,"href":"https:\/\/www.hiplastics.com\/fr\/wp-json\/wp\/v2\/comments?post=685"}],"version-history":[{"count":0,"href":"https:\/\/www.hiplastics.com\/fr\/wp-json\/wp\/v2\/pages\/685\/revisions"}],"up":[{"embeddable":true,"href":"https:\/\/www.hiplastics.com\/fr\/wp-json\/wp\/v2\/pages\/35"}],"wp:attachment":[{"href":"https:\/\/www.hiplastics.com\/fr\/wp-json\/wp\/v2\/media?parent=685"}],"curies":[{"name":"wp","href":"https:\/\/api.w.org\/{rel}","templated":true}]}}