{"id":14042,"date":"2023-08-08T16:34:36","date_gmt":"2023-08-08T08:34:36","guid":{"rendered":"http:\/\/fh.linkerr.cn\/?page_id=14042"},"modified":"2025-09-17T13:41:49","modified_gmt":"2025-09-17T05:41:49","slug":"rd-capacity","status":"publish","type":"page","link":"https:\/\/www.hiplastics.com\/fr\/rd-capability.html","title":{"rendered":"Capacit\u00e9 de R&amp;D"},"content":{"rendered":"<section class=\"l-section wpb_row pageHeaders height_huge color_secondary with_img parallax_ver\"><div class=\"l-section-img\" data-img-width=\"1920\" data-img-height=\"520\" style=\"background-image: url(https:\/\/www.hiplastics.com\/wp-content\/uploads\/2023\/05\/hmprobg-1.jpg);\"><\/div><div class=\"l-section-overlay\" style=\"background:linear-gradient(90deg,#000,rgba(0,0,0,0.00))\"><\/div><div class=\"l-section-h i-cf\"><div class=\"g-cols vc_row via_grid cols_1 laptops-cols_inherit tablets-cols_1 mobiles-cols_1 valign_top type_default reversed stacking_default\" style=\"grid-gap:0rem;\"><div class=\"wpb_column vc_column_container us_custom_fd43344c\"><div class=\"vc_column-inner\"><ol class=\"g-breadcrumbs us_custom_6df4bc3a has_text_color separator_icon align_none\" itemscope itemtype=\"http:\/\/schema.org\/BreadcrumbList\"><li class=\"g-breadcrumbs-item\" itemscope itemprop=\"itemListElement\" itemtype=\"http:\/\/schema.org\/ListItem\"><a itemprop=\"item\" href=\"https:\/\/www.hiplastics.com\/fr\/\"><span itemprop=\"name\">Accueil<\/span><\/a><meta itemprop=\"position\" content=\"1\"\/><\/li><li class=\"g-breadcrumbs-separator\"><i class=\"far fa-angle-right\"><\/i><\/li><li class=\"g-breadcrumbs-item\">Pages<\/li><\/ol><div class=\"w-separator size_small\"><\/div><h1 class=\"w-text us_custom_8d091153\"><span class=\"w-text-h\"><span class=\"w-text-value\">Capacit\u00e9 de R&amp;D<\/span><\/span><\/h1><div class=\"w-hwrapper align_none valign_middle wrap\" style=\"--hwrapper-gap:3rem\"><div class=\"w-popup w-btn-wrapper align_none\"><button aria-label=\"Prendre contact\" class=\"w-popup-trigger type_btn w-btn us-btn-style_2 icon_atleft\"><i class=\"fas fa-envelope\"><\/i><span class=\"w-btn-label\">Prendre contact<\/span><\/button><div class=\"w-popup-overlay\" style=\"background:rgba(0,0,0,0.85);\"><\/div><div class=\"w-popup-wrap\" style=\"--title-color:var(--color-content-heading);--title-bg-color:var(--color-content-bg-alt);--content-color:var(--color-content-text);--content-bg-color:var(--color-content-bg)\"><div class=\"w-popup-box animation_flipHor closerpos_inside without_title\" style=\"width:600px;\"><div class=\"w-popup-box-h\"><div class=\"w-popup-box-content\" style=\"padding:12%;\"><div class=\"wpcf7 no-js\" id=\"wpcf7-f125-o1\" lang=\"en-US\" dir=\"ltr\" data-wpcf7-id=\"125\">\n<div class=\"screen-reader-response\"><p role=\"status\" aria-live=\"polite\" aria-atomic=\"true\"><\/p> <ul><\/ul><\/div>\n<form action=\"\/fr\/wp-json\/wp\/v2\/pages\/14042#wpcf7-f125-o1\" method=\"post\" class=\"wpcf7-form init\" aria-label=\"Formulaire de contact\" novalidate=\"novalidate\" data-status=\"init\" data-trp-original-action=\"\/fr\/wp-json\/wp\/v2\/pages\/14042#wpcf7-f125-o1\">\n<div style=\"display: none;\">\n<input type=\"hidden\" name=\"_wpcf7\" value=\"125\" \/>\n<input type=\"hidden\" name=\"_wpcf7_version\" value=\"6.0.6\" \/>\n<input type=\"hidden\" name=\"_wpcf7_locale\" value=\"en_US\" \/>\n<input type=\"hidden\" name=\"_wpcf7_unit_tag\" value=\"wpcf7-f125-o1\" \/>\n<input type=\"hidden\" name=\"_wpcf7_container_post\" value=\"0\" \/>\n<input type=\"hidden\" name=\"_wpcf7_posted_data_hash\" value=\"\" \/>\n<input type=\"hidden\" name=\"_wpcf7dtx_version\" value=\"5.0.5\" \/>\n<input type=\"hidden\" name=\"_wpcf7_recaptcha_response\" value=\"\" \/>\n<\/div>\n<div class=\"contact-title\">\n\t<h3>Obtenir un devis\n\t<\/h3>\n<\/div>\n<div class=\"outer\">\n\t<div class=\"inner\">\n\t\t<p><span class=\"wpcf7-form-control-wrap\" data-name=\"your-name\"><input size=\"40\" maxlength=\"400\" class=\"wpcf7-form-control wpcf7-text wpcf7-validates-as-required\" aria-required=\"true\" aria-invalid=\"false\" placeholder=\"Votre nom*\" value=\"\" type=\"text\" name=\"your-name\" \/><\/span>\n\t\t<\/p>\n\t<\/div>\n\t<div class=\"inner\">\n\t\t<p><span class=\"wpcf7-form-control-wrap\" data-name=\"your-email\"><input size=\"40\" maxlength=\"400\" class=\"wpcf7-form-control wpcf7-email wpcf7-validates-as-required wpcf7-text wpcf7-validates-as-email\" aria-required=\"true\" aria-invalid=\"false\" placeholder=\"Adresse \u00e9lectronique*\" value=\"\" type=\"email\" name=\"your-email\" \/><\/span>\n\t\t<\/p>\n\t<\/div>\n<\/div>\n<div class=\"outer\">\n\t<div class=\"inner\">\n\t\t<p><span class=\"wpcf7-form-control-wrap\" data-name=\"your-tel\"><input size=\"40\" maxlength=\"400\" class=\"wpcf7-form-control wpcf7-tel wpcf7-validates-as-required wpcf7-text wpcf7-validates-as-tel\" aria-required=\"true\" aria-invalid=\"false\" placeholder=\"Votre t\u00e9l\u00e9phone*\" value=\"\" type=\"tel\" name=\"your-tel\" \/><\/span>\n\t\t<\/p>\n\t<\/div>\n\t<div class=\"inner\">\n\t\t<p><span class=\"wpcf7-form-control-wrap\" data-name=\"your-country\"><input size=\"40\" maxlength=\"400\" class=\"wpcf7-form-control wpcf7-text\" aria-invalid=\"false\" placeholder=\"Pays ou r\u00e9gion\" value=\"\" type=\"text\" name=\"your-country\" \/><\/span>\n\t\t<\/p>\n\t<\/div>\n<\/div>\n<div>\n\t<p><span class=\"wpcf7-form-control-wrap\" data-name=\"your-message\"><textarea cols=\"40\" rows=\"10\" maxlength=\"2000\" class=\"wpcf7-form-control wpcf7-textarea wpcf7-validates-as-required\" aria-required=\"true\" aria-invalid=\"false\" placeholder=\"Pr\u00e9cisez votre besoin le plus pr\u00e9cis\u00e9ment possible*\" name=\"your-message\"><\/textarea><\/span>\n\t<\/p>\n<\/div>\n<div style=\"display:none\">\n<span class=\"wpcf7-form-control-wrap your-url\" data-name=\"your-url\"><input type=\"hidden\" name=\"your-url\" class=\"wpcf7-form-control wpcf7-hidden wpcf7dtx wpcf7dtx-hidden\" aria-invalid=\"false\" value=\"https:\/\/www.hiplastics.com\/fr\/fr\/wp-json\/wp\/v2\/pages\/14042\"><\/span>\n<\/div>\n<div class=\"form-button\">\n\t<p><input class=\"wpcf7-form-control wpcf7-submit has-spinner\" type=\"submit\" value=\"Envoyer un message\" \/>\n\t<\/p>\n<\/div><div class=\"wpcf7-response-output\" aria-hidden=\"true\"><\/div>\n<input type=\"hidden\" name=\"trp-form-language\" value=\"fr\"\/><\/form>\n<\/div>\n<\/div><div class=\"w-popup-closer\"><\/div><\/div><\/div><\/div><\/div><div class=\"wpb_text_column us_custom_70c1749c\"><div class=\"wpb_wrapper\"><p>Nous travaillons avec des marques et des d\u00e9taillants de premier plan dans le monde entier, en cr\u00e9ant des solutions personnalis\u00e9es pour nos clients.<\/p>\n<\/div><\/div><\/div><\/div><\/div><\/div><\/div><\/section><section class=\"l-section wpb_row us_custom_6c9654dc height_huge\"><div class=\"l-section-h i-cf\"><div class=\"g-cols vc_row via_grid cols_1 laptops-cols_inherit tablets-cols_inherit mobiles-cols_1 valign_top type_default stacking_default\"><div class=\"wpb_column vc_column_container\"><div class=\"vc_column-inner\"><div class=\"wpb_text_column us_custom_d9d2068f\"><div class=\"wpb_wrapper\"><h4>1. Comment personnalisons-nous les produits ?<\/h4>\n<p>En tant que fabricant direct avec plus de 10 ans d'exp\u00e9rience en R&amp;D, hiplastics peut parfaitement comprendre votre id\u00e9e, puis l'optimiser en produits r\u00e9els. Notre \u00e9quipe est heureuse de vous aider pour les conceptions, les dessins, les \u00e9chantillons 3D, le support technique, etc.<\/p>\n<\/div><\/div><div class=\"w-image align_center\"><div class=\"w-image-h\"><img loading=\"lazy\" decoding=\"async\" width=\"1298\" height=\"896\" src=\"https:\/\/www.hiplastics.com\/wp-content\/uploads\/2025\/09\/TOPRD-2-1.jpg\" class=\"attachment-large size-large\"  srcset=\"https:\/\/www.hiplastics.com\/wp-content\/uploads\/2025\/09\/TOPRD-2-1.jpg 1298w, https:\/\/www.hiplastics.com\/wp-content\/uploads\/2025\/09\/TOPRD-2-1-18x12.jpg 18w, https:\/\/www.hiplastics.com\/wp-content\/uploads\/2025\/09\/TOPRD-2-1-200x138.jpg 200w\" sizes=\"auto, (max-width: 1298px) 100vw, 1298px\" title=\"R&#038;D Capability\u63d2\u56fe\" alt=\"R&#038;D Capability\u63d2\u56fe\" \/><\/div><\/div><\/div><\/div><\/div><\/div><\/section><section class=\"l-section wpb_row us_custom_f3f68ac4 advantageLi height_huge\"><div class=\"l-section-h i-cf\"><div class=\"g-cols vc_row via_grid cols_1 laptops-cols_inherit tablets-cols_inherit mobiles-cols_1 valign_top type_default stacking_default\"><div class=\"wpb_column vc_column_container\"><div class=\"vc_column-inner\"><div class=\"wpb_text_column us_custom_d9d2068f\"><div class=\"wpb_wrapper\"><h4>2. les mat\u00e9riaux \u00e9cologiques lanc\u00e9s dans la production de masse<\/h4>\n<p>Gr\u00e2ce aux efforts de l'\u00e9quipe d'ing\u00e9nieurs, de plus en plus de mat\u00e9riaux respectueux de l'environnement ont \u00e9t\u00e9 lanc\u00e9s dans la production de masse, tels que le HIPS recycl\u00e9, le PETG, le PLA biod\u00e9gradable, etc.<\/p>\n<\/div><\/div><div class=\"g-cols wpb_row via_grid cols_1-4 laptops-cols_inherit tablets-cols_inherit mobiles-cols_1 valign_middle type_default reversed stacking_default\" style=\"grid-gap:3.5vw;\"><div class=\"wpb_column vc_column_container\"><div class=\"vc_column-inner\"><div class=\"w-image style_shadow-2 align_center\"><div class=\"w-image-h\"><div class=\"w-image-shadow\" style=\"background-image:url(https:\/\/www.hiplastics.com\/wp-content\/uploads\/2023\/08\/PLA.png);\"><\/div><img loading=\"lazy\" decoding=\"async\" width=\"360\" height=\"299\" src=\"https:\/\/www.hiplastics.com\/wp-content\/uploads\/2023\/08\/PLA.png\" class=\"attachment-full size-full\" title=\"R&#038;D Capability\u63d2\u56fe1\" alt=\"R&#038;D Capability\u63d2\u56fe1\" \/><\/div><\/div><\/div><\/div><div class=\"wpb_column vc_column_container\"><div class=\"vc_column-inner\"><div class=\"wpb_text_column\"><div class=\"wpb_wrapper\"><h3>100% Mat\u00e9riau biod\u00e9gradable\uff08Poly Lactic Acid\uff08PLA\uff09\uff09<\/h3>\n<p>Contrairement aux plastiques traditionnels, les mat\u00e9riaux biosourc\u00e9s proviennent de ressources renouvelables telles que le ma\u00efs, le manioc, la canne \u00e0 sucre, etc. Ils peuvent remplacer la plupart des plastiques synth\u00e9tiques et r\u00e9duire la d\u00e9pendance des populations \u00e0 l'\u00e9gard du p\u00e9trole.<\/p>\n<\/div><\/div><\/div><\/div><\/div><div class=\"w-separator us_custom_16aeb33e size_small\"><\/div><div class=\"g-cols wpb_row via_grid cols_1-4 laptops-cols_inherit tablets-cols_inherit mobiles-cols_1 valign_middle type_default reversed stacking_default\" style=\"grid-gap:3.5vw;\"><div class=\"wpb_column vc_column_container\"><div class=\"vc_column-inner\"><div class=\"w-image style_shadow-2 align_center\"><div class=\"w-image-h\"><div class=\"w-image-shadow\" style=\"background-image:url(https:\/\/www.hiplastics.com\/wp-content\/uploads\/2023\/08\/PETG.png);\"><\/div><img loading=\"lazy\" decoding=\"async\" width=\"360\" height=\"306\" src=\"https:\/\/www.hiplastics.com\/wp-content\/uploads\/2023\/08\/PETG.png\" class=\"attachment-full size-full\" title=\"R&#038;D Capability\u63d2\u56fe2\" alt=\"R&#038;D Capability\u63d2\u56fe2\" \/><\/div><\/div><\/div><\/div><div class=\"wpb_column vc_column_container\"><div class=\"vc_column-inner\"><div class=\"wpb_text_column\"><div class=\"wpb_wrapper\"><h3>Mat\u00e9riau PETG\uff08Poly Ethyl\u00e8ne T\u00e9r\u00e9phtalate Glycol\uff08PETG\uff09\uff09\uff09<\/h3>\n<p>Le PETG est plus respectueux de l'environnement que le PVC commun, et notre \u00e9quipe l'a appliqu\u00e9 \u00e0 des produits tels que la bande de donn\u00e9es DBR39, les intercalaires de pliage \u00e0 chaud, etc.<\/p>\n<\/div><\/div><\/div><\/div><\/div><div class=\"w-separator us_custom_16aeb33e size_small\"><\/div><div class=\"g-cols wpb_row via_grid cols_1-4 laptops-cols_inherit tablets-cols_inherit mobiles-cols_1 valign_middle type_default reversed stacking_default\" style=\"grid-gap:3.5vw;\"><div class=\"wpb_column vc_column_container\"><div class=\"vc_column-inner\"><div class=\"w-image style_shadow-2 align_center\"><div class=\"w-image-h\"><div class=\"w-image-shadow\" style=\"background-image:url(https:\/\/www.hiplastics.com\/wp-content\/uploads\/2023\/08\/HIPS.png);\"><\/div><img loading=\"lazy\" decoding=\"async\" width=\"360\" height=\"303\" src=\"https:\/\/www.hiplastics.com\/wp-content\/uploads\/2023\/08\/HIPS.png\" class=\"attachment-full size-full\" title=\"R&#038;D Capability\u63d2\u56fe3\" alt=\"R&#038;D Capability\u63d2\u56fe3\" \/><\/div><\/div><\/div><\/div><div class=\"wpb_column vc_column_container\"><div class=\"vc_column-inner\"><div class=\"wpb_text_column\"><div class=\"wpb_wrapper\"><h3>Mat\u00e9riau recycl\u00e9 HIPS\uff08High Impact Poly Styrene\uff08HIPS\uff09\uff09<\/h3>\n<p>Nous, les Hiplastics, utilisons d'\u00e9normes volumes de mat\u00e9riaux recycl\u00e9s pour la production de masse, comme le HIPS, l'ABS, etc. qui ne n\u00e9cessiteront\/occuperont pas plus de ressources sociales.<\/p>\n<\/div><\/div><\/div><\/div><\/div><div class=\"w-separator us_custom_16aeb33e size_small\"><\/div><div class=\"g-cols wpb_row via_grid cols_1-4 laptops-cols_inherit tablets-cols_inherit mobiles-cols_1 valign_middle type_default reversed stacking_default\" style=\"grid-gap:3.5vw;\"><div class=\"wpb_column vc_column_container\"><div class=\"vc_column-inner\"><div class=\"w-image style_shadow-2 align_none\"><div class=\"w-image-h\"><div class=\"w-image-shadow\" style=\"background-image:url(https:\/\/www.hiplastics.com\/wp-content\/uploads\/2023\/08\/UV.png);\"><\/div><img loading=\"lazy\" decoding=\"async\" width=\"360\" height=\"304\" src=\"https:\/\/www.hiplastics.com\/wp-content\/uploads\/2023\/08\/UV.png\" class=\"attachment-full size-full\" title=\"R&#038;D Capability\u63d2\u56fe4\" alt=\"R&#038;D Capability\u63d2\u56fe4\" \/><\/div><\/div><\/div><\/div><div class=\"wpb_column vc_column_container\"><div class=\"vc_column-inner\"><div class=\"wpb_text_column\"><div class=\"wpb_wrapper\"><h3>Mat\u00e9riau anti-UV\uff08Ultraviolet\uff08UV\uff09\uff09<\/h3>\n<p>Comme nous le savons, les rayons UV acc\u00e9l\u00e8rent l'usure des plastiques. Les mat\u00e9riaux utilis\u00e9s pour les rails ESL sont donc tous trait\u00e9s avec une protection UV afin de prolonger la dur\u00e9e de vie du produit.<\/p>\n<\/div><\/div><\/div><\/div><\/div><div class=\"w-separator us_custom_16aeb33e size_small\"><\/div><div class=\"g-cols wpb_row via_grid cols_1-4 laptops-cols_inherit tablets-cols_inherit mobiles-cols_1 valign_middle type_default reversed stacking_default\" style=\"grid-gap:3.5vw;\"><div class=\"wpb_column vc_column_container\"><div class=\"vc_column-inner\"><div class=\"w-image style_shadow-2 align_center\"><div class=\"w-image-h\"><div class=\"w-image-shadow\" style=\"background-image:url(https:\/\/www.hiplastics.com\/wp-content\/uploads\/2023\/08\/lower.png);\"><\/div><img loading=\"lazy\" decoding=\"async\" width=\"360\" height=\"300\" src=\"https:\/\/www.hiplastics.com\/wp-content\/uploads\/2023\/08\/lower.png\" class=\"attachment-full size-full\" title=\"R&#038;D Capability\u63d2\u56fe5\" alt=\"R&#038;D Capability\u63d2\u56fe5\" \/><\/div><\/div><\/div><\/div><div class=\"wpb_column vc_column_container\"><div class=\"vc_column-inner\"><div class=\"wpb_text_column\"><div class=\"wpb_wrapper\"><h3>Mat\u00e9riau r\u00e9sistant au froid<\/h3>\n<p>Hiplastics a mis au point un mat\u00e9riau trait\u00e9 avec des adjuvants r\u00e9sistants au froid, de sorte que les supports ne soient pas cassants mais durables dans les r\u00e9frig\u00e9rateurs et les zones de cong\u00e9lation.<\/p>\n<\/div><\/div><\/div><\/div><\/div><\/div><\/div><\/div><\/div><\/section>","protected":false},"excerpt":{"rendered":"AccueilPagesR&amp;D CapabilityGet in Touch Get A Quote Working with top brands and retailers all over the world, creating customized solutions for our customers. 1.How We Customize the Products? As a direct-manufacturer with over 10 years\u2019 R&amp;D experience, we hiplastics can perfectly understand your idea, then optimize to real products. our team is happy to assist...","protected":false},"author":9,"featured_media":182,"parent":35,"menu_order":0,"comment_status":"closed","ping_status":"closed","template":"","meta":{"footnotes":""},"class_list":["post-14042","page","type-page","status-publish","has-post-thumbnail","hentry"],"acf":[],"_links":{"self":[{"href":"https:\/\/www.hiplastics.com\/fr\/wp-json\/wp\/v2\/pages\/14042","targetHints":{"allow":["GET"]}}],"collection":[{"href":"https:\/\/www.hiplastics.com\/fr\/wp-json\/wp\/v2\/pages"}],"about":[{"href":"https:\/\/www.hiplastics.com\/fr\/wp-json\/wp\/v2\/types\/page"}],"author":[{"embeddable":true,"href":"https:\/\/www.hiplastics.com\/fr\/wp-json\/wp\/v2\/users\/9"}],"replies":[{"embeddable":true,"href":"https:\/\/www.hiplastics.com\/fr\/wp-json\/wp\/v2\/comments?post=14042"}],"version-history":[{"count":6,"href":"https:\/\/www.hiplastics.com\/fr\/wp-json\/wp\/v2\/pages\/14042\/revisions"}],"predecessor-version":[{"id":30398,"href":"https:\/\/www.hiplastics.com\/fr\/wp-json\/wp\/v2\/pages\/14042\/revisions\/30398"}],"up":[{"embeddable":true,"href":"https:\/\/www.hiplastics.com\/fr\/wp-json\/wp\/v2\/pages\/35"}],"wp:featuredmedia":[{"embeddable":true,"href":"https:\/\/www.hiplastics.com\/fr\/wp-json\/wp\/v2\/media\/182"}],"wp:attachment":[{"href":"https:\/\/www.hiplastics.com\/fr\/wp-json\/wp\/v2\/media?parent=14042"}],"curies":[{"name":"wp","href":"https:\/\/api.w.org\/{rel}","templated":true}]}}