{"id":685,"date":"2021-12-16T00:02:00","date_gmt":"2021-12-16T00:02:00","guid":{"rendered":"https:\/\/impreza29.us-themes.com\/?page_id=264"},"modified":"2023-10-12T09:46:56","modified_gmt":"2023-10-12T01:46:56","slug":"services","status":"publish","type":"page","link":"https:\/\/www.hiplastics.com\/es\/our-services.html","title":{"rendered":"Nuestros servicios"},"content":{"rendered":"<section class=\"l-section wpb_row pageHeaders height_huge color_secondary with_img parallax_ver\"><div class=\"l-section-img\" data-img-width=\"1920\" data-img-height=\"520\" style=\"background-image: url(https:\/\/www.hiplastics.com\/wp-content\/uploads\/2023\/05\/hmprobg-1.jpg);\"><\/div><div class=\"l-section-overlay\" style=\"background:linear-gradient(90deg,#000,rgba(0,0,0,0.00))\"><\/div><div class=\"l-section-h i-cf\"><div class=\"g-cols vc_row via_grid cols_1 laptops-cols_inherit tablets-cols_1 mobiles-cols_1 valign_top type_default reversed stacking_default\" style=\"grid-gap:0rem;\"><div class=\"wpb_column vc_column_container us_custom_fd43344c\"><div class=\"vc_column-inner\"><ol class=\"g-breadcrumbs us_custom_6df4bc3a has_text_color separator_icon align_none\" itemscope itemtype=\"http:\/\/schema.org\/BreadcrumbList\"><li class=\"g-breadcrumbs-item\" itemscope itemprop=\"itemListElement\" itemtype=\"http:\/\/schema.org\/ListItem\"><a itemprop=\"item\" href=\"https:\/\/www.hiplastics.com\/es\/\"><span itemprop=\"name\">Inicio<\/span><\/a><meta itemprop=\"position\" content=\"1\"\/><\/li><li class=\"g-breadcrumbs-separator\"><i class=\"far fa-angle-right\"><\/i><\/li><li class=\"g-breadcrumbs-item\">P\u00e1ginas<\/li><\/ol><div class=\"w-separator size_small\"><\/div><h1 class=\"w-text us_custom_8d091153\"><span class=\"w-text-h\"><span class=\"w-text-value\">Nuestros servicios<\/span><\/span><\/h1><div class=\"w-hwrapper align_none valign_middle wrap\" style=\"--hwrapper-gap:3rem\"><div class=\"w-popup w-btn-wrapper align_none\"><button aria-label=\"Ponte en contacto\" class=\"w-popup-trigger type_btn w-btn us-btn-style_2 icon_atleft\"><i class=\"fas fa-envelope\"><\/i><span class=\"w-btn-label\">Ponte en contacto<\/span><\/button><div class=\"w-popup-overlay\" style=\"background:rgba(0,0,0,0.85);\"><\/div><div class=\"w-popup-wrap\" style=\"--title-color:var(--color-content-heading);--title-bg-color:var(--color-content-bg-alt);--content-color:var(--color-content-text);--content-bg-color:var(--color-content-bg)\"><div class=\"w-popup-box animation_flipHor closerpos_inside without_title\" style=\"width:600px;\"><div class=\"w-popup-box-h\"><div class=\"w-popup-box-content\" style=\"padding:12%;\"><div class=\"wpcf7 no-js\" id=\"wpcf7-f125-o1\" lang=\"en-US\" dir=\"ltr\" data-wpcf7-id=\"125\">\n<div class=\"screen-reader-response\"><p role=\"status\" aria-live=\"polite\" aria-atomic=\"true\"><\/p> <ul><\/ul><\/div>\n<form action=\"\/es\/wp-json\/wp\/v2\/pages\/685#wpcf7-f125-o1\" method=\"post\" class=\"wpcf7-form init\" aria-label=\"Formulario de contacto\" novalidate=\"novalidate\" data-status=\"init\" data-trp-original-action=\"\/es\/wp-json\/wp\/v2\/pages\/685#wpcf7-f125-o1\">\n<div style=\"display: none;\">\n<input type=\"hidden\" name=\"_wpcf7\" value=\"125\" \/>\n<input type=\"hidden\" name=\"_wpcf7_version\" value=\"6.0.6\" \/>\n<input type=\"hidden\" name=\"_wpcf7_locale\" value=\"en_US\" \/>\n<input type=\"hidden\" name=\"_wpcf7_unit_tag\" value=\"wpcf7-f125-o1\" \/>\n<input type=\"hidden\" name=\"_wpcf7_container_post\" value=\"0\" \/>\n<input type=\"hidden\" name=\"_wpcf7_posted_data_hash\" value=\"\" \/>\n<input type=\"hidden\" name=\"_wpcf7dtx_version\" value=\"5.0.5\" \/>\n<input type=\"hidden\" name=\"_wpcf7_recaptcha_response\" value=\"\" \/>\n<\/div>\n<div class=\"contact-title\">\n\t<h3>Solicitar presupuesto\n\t<\/h3>\n<\/div>\n<div class=\"outer\">\n\t<div class=\"inner\">\n\t\t<p><span class=\"wpcf7-form-control-wrap\" data-name=\"your-name\"><input size=\"40\" maxlength=\"400\" class=\"wpcf7-form-control wpcf7-text wpcf7-validates-as-required\" aria-required=\"true\" aria-invalid=\"false\" placeholder=\"Su nombre*\" value=\"\" type=\"text\" name=\"your-name\" \/><\/span>\n\t\t<\/p>\n\t<\/div>\n\t<div class=\"inner\">\n\t\t<p><span class=\"wpcf7-form-control-wrap\" data-name=\"your-email\"><input size=\"40\" maxlength=\"400\" class=\"wpcf7-form-control wpcf7-email wpcf7-validates-as-required wpcf7-text wpcf7-validates-as-email\" aria-required=\"true\" aria-invalid=\"false\" placeholder=\"Direcci\u00f3n de correo electr\u00f3nico\" value=\"\" type=\"email\" name=\"your-email\" \/><\/span>\n\t\t<\/p>\n\t<\/div>\n<\/div>\n<div class=\"outer\">\n\t<div class=\"inner\">\n\t\t<p><span class=\"wpcf7-form-control-wrap\" data-name=\"your-tel\"><input size=\"40\" maxlength=\"400\" class=\"wpcf7-form-control wpcf7-tel wpcf7-validates-as-required wpcf7-text wpcf7-validates-as-tel\" aria-required=\"true\" aria-invalid=\"false\" placeholder=\"Tu tel\u00e9fono*\" value=\"\" type=\"tel\" name=\"your-tel\" \/><\/span>\n\t\t<\/p>\n\t<\/div>\n\t<div class=\"inner\">\n\t\t<p><span class=\"wpcf7-form-control-wrap\" data-name=\"your-country\"><input size=\"40\" maxlength=\"400\" class=\"wpcf7-form-control wpcf7-text\" aria-invalid=\"false\" placeholder=\"Pa\u00eds o regi\u00f3n\" value=\"\" type=\"text\" name=\"your-country\" \/><\/span>\n\t\t<\/p>\n\t<\/div>\n<\/div>\n<div>\n\t<p><span class=\"wpcf7-form-control-wrap\" data-name=\"your-message\"><textarea cols=\"40\" rows=\"10\" maxlength=\"2000\" class=\"wpcf7-form-control wpcf7-textarea wpcf7-validates-as-required\" aria-required=\"true\" aria-invalid=\"false\" placeholder=\"Ind\u00edquenos su necesidad de la forma m\u00e1s concreta posible*.\" name=\"your-message\"><\/textarea><\/span>\n\t<\/p>\n<\/div>\n<div style=\"display:none\">\n<span class=\"wpcf7-form-control-wrap your-url\" data-name=\"your-url\"><input type=\"hidden\" name=\"your-url\" class=\"wpcf7-form-control wpcf7-hidden wpcf7dtx wpcf7dtx-hidden\" aria-invalid=\"false\" value=\"https:\/\/www.hiplastics.com\/es\/es\/wp-json\/wp\/v2\/pages\/685\"><\/span>\n<\/div>\n<div class=\"form-button\">\n\t<p><input class=\"wpcf7-form-control wpcf7-submit has-spinner\" type=\"submit\" value=\"Enviar mensaje\" \/>\n\t<\/p>\n<\/div><div class=\"wpcf7-response-output\" aria-hidden=\"true\"><\/div>\n<input type=\"hidden\" name=\"trp-form-language\" value=\"es\"\/><\/form>\n<\/div>\n<\/div><div class=\"w-popup-closer\"><\/div><\/div><\/div><\/div><\/div><div class=\"wpb_text_column us_custom_70c1749c\"><div class=\"wpb_wrapper\"><p>Ofrecer una experiencia de alto valor para un \u00e9xito sostenible a largo plazo.<\/p>\n<\/div><\/div><\/div><\/div><\/div><\/div><\/div><\/section><section class=\"l-section wpb_row us_custom_5b5b2c01 itemBlock height_medium\"><div class=\"l-section-h i-cf\"><div class=\"g-cols vc_row via_grid cols_3 laptops-cols_inherit tablets-cols_2 mobiles-cols_1 valign_top type_default stacking_default\" style=\"grid-gap:2.80rem;\"><div class=\"wpb_column vc_column_container us_custom_3c0ff939 has_bg_color\"><div class=\"vc_column-inner\"><div class=\"w-text us_custom_feec6894 has_text_color\"><span class=\"w-text-h\"><span class=\"w-text-value\">01<\/span><\/span><\/div><h5 class=\"w-text us_custom_9fb13cbc has_text_color\"><span class=\"w-text-h\"><span class=\"w-text-value\">Visi\u00f3n general de los servicios de Hiplastics<\/span><\/span><\/h5><div class=\"w-image align_center\"><div class=\"w-image-h\"><img loading=\"lazy\" decoding=\"async\" width=\"400\" height=\"300\" src=\"https:\/\/www.hiplastics.com\/wp-content\/uploads\/2023\/08\/service1.webp\" class=\"attachment-full size-full\" title=\"Our Services\u63d2\u56fe\" alt=\"Our Services\u63d2\u56fe\" \/><\/div><\/div><div class=\"w-separator us_custom_a280f4f5 size_small\"><\/div><div class=\"wpb_text_column\"><div class=\"wpb_wrapper\"><header class=\"fancy-title\">\n<p class=\"mb-30 lqd-unit-animation-done\">HIPLASTICS, ofrecemos soluciones y servicios profesionales e integrales en el suministro de productos pl\u00e1sticos de soluciones de etiquetado en tienda.<br \/>\nNuestro equipo de dise\u00f1o, con gran experiencia en productos de pl\u00e1stico para el sector minorista, est\u00e1 dispuesto a colaborar con usted para...<\/p>\n<\/header>\n<ul class=\"reset-ul font-size-11 lh-15 font-weight-bold ltr-sp-1 text-dark\">\n<li class=\"mb-15 lqd-unit-animation-done\">- Investigaci\u00f3n de dise\u00f1o<\/li>\n<li class=\"mb-15 lqd-unit-animation-done\">- Estrategia<\/li>\n<li class=\"mb-15 lqd-unit-animation-done\">- Ingenier\u00eda<\/li>\n<li class=\"mb-15 lqd-unit-animation-done\">- Prototipos<\/li>\n<li class=\"mb-15 lqd-unit-animation-done\">- Apoyo de la marca<\/li>\n<\/ul>\n<\/div><\/div><\/div><\/div><div class=\"wpb_column vc_column_container us_custom_136fefde has_bg_color\"><div class=\"vc_column-inner\"><div class=\"w-text us_custom_feec6894 has_text_color\"><span class=\"w-text-h\"><span class=\"w-text-value\">02<\/span><\/span><\/div><h5 class=\"w-text us_custom_9fb13cbc has_text_color\"><span class=\"w-text-h\"><span class=\"w-text-value\">Muestreo de productos<\/span><\/span><\/h5><div class=\"w-image align_center\"><div class=\"w-image-h\"><img loading=\"lazy\" decoding=\"async\" width=\"400\" height=\"300\" src=\"https:\/\/www.hiplastics.com\/wp-content\/uploads\/2023\/08\/service2.webp\" class=\"attachment-full size-full\" title=\"Our Services\u63d2\u56fe1\" alt=\"Our Services\u63d2\u56fe1\" \/><\/div><\/div><div class=\"w-separator us_custom_a280f4f5 size_small\"><\/div><div class=\"wpb_text_column\"><div class=\"wpb_wrapper\"><header class=\"fancy-title\">\n<header class=\"fancy-title\">\n<p class=\"mb-30 lqd-unit-animation-done\">Para garantizar la precisi\u00f3n 100% y la satisfacci\u00f3n de su pedido, le entregamos muestras en mano en cuatro etapas del proceso de fabricaci\u00f3n...<\/p>\n<\/header>\n<ul class=\"reset-ul font-size-11 lh-15 font-weight-bold ltr-sp-1 text-dark\">\n<li class=\"mb-15 lqd-unit-animation-done\">- Dise\u00f1o de productos<\/li>\n<li class=\"mb-15 lqd-unit-animation-done\">- Dise\u00f1o de moldes<\/li>\n<li class=\"mb-15 lqd-unit-animation-done\">- Fabricaci\u00f3n de moldes<\/li>\n<li class=\"mb-15 lqd-unit-animation-done\">- Montaje de moldes<\/li>\n<li class=\"mb-15 lqd-unit-animation-done\">- Manipulaci\u00f3n de materiales<\/li>\n<li class=\"mb-15 lqd-unit-animation-done\">- Configuraci\u00f3n de la m\u00e1quina<\/li>\n<li class=\"mb-15 lqd-unit-animation-done\">- Producci\u00f3n final<\/li>\n<\/ul>\n<\/header>\n<\/div><\/div><\/div><\/div><div class=\"wpb_column vc_column_container us_custom_136fefde has_bg_color\"><div class=\"vc_column-inner\"><div class=\"w-text us_custom_feec6894 has_text_color\"><span class=\"w-text-h\"><span class=\"w-text-value\">03<\/span><\/span><\/div><h5 class=\"w-text us_custom_9fb13cbc has_text_color\"><span class=\"w-text-h\"><span class=\"w-text-value\">Investigaci\u00f3n y desarrollo<\/span><\/span><\/h5><div class=\"w-image align_center\"><div class=\"w-image-h\"><img loading=\"lazy\" decoding=\"async\" width=\"400\" height=\"300\" src=\"https:\/\/www.hiplastics.com\/wp-content\/uploads\/2023\/09\/service3.jpg\" class=\"attachment-full size-full\"  srcset=\"https:\/\/www.hiplastics.com\/wp-content\/uploads\/2023\/09\/service3.jpg 400w, https:\/\/www.hiplastics.com\/wp-content\/uploads\/2023\/09\/service3-200x150.jpg 200w\" sizes=\"auto, (max-width: 400px) 100vw, 400px\" title=\"Our Services\u63d2\u56fe2\" alt=\"Our Services\u63d2\u56fe2\" \/><\/div><\/div><div class=\"w-separator us_custom_a280f4f5 size_small\"><\/div><div class=\"wpb_text_column\"><div class=\"wpb_wrapper\"><header class=\"fancy-title\">\n<header class=\"fancy-title\">\n<p class=\"mb-30 lqd-unit-animation-done\">Colaborar con nuestro equipo de I+D de primera categor\u00eda le permitir\u00e1...<\/p>\n<\/header>\n<ul class=\"reset-ul font-size-11 lh-15 font-weight-bold ltr-sp-1 text-dark\">\n<li class=\"mb-15 lqd-unit-animation-done\">- Anticiparse al mercado<\/li>\n<li class=\"mb-15 lqd-unit-animation-done\">- Fortaleza tecnol\u00f3gica<\/li>\n<li class=\"mb-15 lqd-unit-animation-done\">- Desarrollo innovador de nuevos productos<\/li>\n<li class=\"mb-15 lqd-unit-animation-done\">- Ingenier\u00eda experta<\/li>\n<\/ul>\n<\/header>\n<\/div><\/div><\/div><\/div><\/div><\/div><\/section><section class=\"l-section wpb_row us_custom_5b5b2c01 itemBlock height_medium\"><div class=\"l-section-h i-cf\"><div class=\"g-cols vc_row via_grid cols_3 laptops-cols_inherit tablets-cols_2 mobiles-cols_1 valign_top type_default stacking_default\" style=\"grid-gap:2.80rem;\"><div class=\"wpb_column vc_column_container us_custom_3c0ff939 has_bg_color\"><div class=\"vc_column-inner\"><div class=\"w-text us_custom_feec6894 has_text_color\"><span class=\"w-text-h\"><span class=\"w-text-value\">04<\/span><\/span><\/div><h5 class=\"w-text us_custom_9fb13cbc has_text_color\"><span class=\"w-text-h\"><span class=\"w-text-value\">Control de calidad<\/span><\/span><\/h5><div class=\"w-image align_center\"><div class=\"w-image-h\"><img loading=\"lazy\" decoding=\"async\" width=\"400\" height=\"300\" src=\"https:\/\/www.hiplastics.com\/wp-content\/uploads\/2023\/08\/service4.webp\" class=\"attachment-full size-full\" title=\"Our Services\u63d2\u56fe3\" alt=\"Our Services\u63d2\u56fe3\" \/><\/div><\/div><div class=\"w-separator us_custom_a280f4f5 size_small\"><\/div><div class=\"wpb_text_column\"><div class=\"wpb_wrapper\"><header class=\"fancy-title\">\n<header class=\"fancy-title\">\n<p class=\"mb-30 lqd-unit-animation-done\">Los proveedores de materias primas y nuestros socios de trabajo deben cumplir unas altas expectativas. Nuestro servicio incluye el desplazamiento a las instalaciones de los proveedores para realizar inspecciones de sus procesos de fabricaci\u00f3n, al tiempo que les exigimos internamente el m\u00e1ximo rigor en el control de...<\/p>\n<\/header>\n<ul class=\"reset-ul font-size-11 lh-15 font-weight-bold ltr-sp-1 text-dark\">\n<li class=\"mb-15 lqd-unit-animation-done\">- Entrega de materias primas<\/li>\n<li class=\"mb-15 lqd-unit-animation-done\">- Preproducci\u00f3n<\/li>\n<li class=\"mb-15 lqd-unit-animation-done\">- Producci\u00f3n<\/li>\n<li class=\"mb-15 lqd-unit-animation-done\">- Preembarque<\/li>\n<\/ul>\n<\/header>\n<\/div><\/div><\/div><\/div><div class=\"wpb_column vc_column_container us_custom_136fefde has_bg_color\"><div class=\"vc_column-inner\"><div class=\"w-text us_custom_feec6894 has_text_color\"><span class=\"w-text-h\"><span class=\"w-text-value\">05<\/span><\/span><\/div><h5 class=\"w-text us_custom_9fb13cbc has_text_color\"><span class=\"w-text-h\"><span class=\"w-text-value\">Certificaciones<\/span><\/span><\/h5><div class=\"w-image align_center\"><div class=\"w-image-h\"><img loading=\"lazy\" decoding=\"async\" width=\"400\" height=\"300\" src=\"https:\/\/www.hiplastics.com\/wp-content\/uploads\/2023\/08\/service5.webp\" class=\"attachment-full size-full\" title=\"Our Services\u63d2\u56fe4\" alt=\"Our Services\u63d2\u56fe4\" \/><\/div><\/div><div class=\"w-separator us_custom_a280f4f5 size_small\"><\/div><div class=\"wpb_text_column\"><div class=\"wpb_wrapper\"><header class=\"fancy-title\">\n<header class=\"fancy-title\">\n<header class=\"fancy-title\">\n<p class=\"mb-30 lqd-unit-animation-done\">En caso necesario, podemos organizar pruebas y certificaciones independientes con el proveedor de terceros de su elecci\u00f3n, incluyendo...<\/p>\n<\/header>\n<ul class=\"reset-ul font-size-11 lh-15 font-weight-bold ltr-sp-1 text-dark\">\n<li class=\"mb-15 lqd-unit-animation-done\">- SGS<\/li>\n<li class=\"mb-15 lqd-unit-animation-done\">- Bureau Veritas<\/li>\n<li class=\"mb-15 lqd-unit-animation-done\">- ISO9001 ISO14001 ISO45001<\/li>\n<li class=\"mb-15 lqd-unit-animation-done\">- M\u00e1s de 20 patentes<\/li>\n<\/ul>\n<\/header>\n<\/header>\n<\/div><\/div><\/div><\/div><div class=\"wpb_column vc_column_container us_custom_136fefde has_bg_color\"><div class=\"vc_column-inner\"><div class=\"w-text us_custom_feec6894 has_text_color\"><span class=\"w-text-h\"><span class=\"w-text-value\">06<\/span><\/span><\/div><h5 class=\"w-text us_custom_9fb13cbc has_text_color\"><span class=\"w-text-h\"><span class=\"w-text-value\">Embalaje<\/span><\/span><\/h5><div class=\"w-image align_center\"><div class=\"w-image-h\"><img loading=\"lazy\" decoding=\"async\" width=\"400\" height=\"300\" src=\"https:\/\/www.hiplastics.com\/wp-content\/uploads\/2023\/08\/service6.webp\" class=\"attachment-full size-full\" title=\"Our Services\u63d2\u56fe5\" alt=\"Our Services\u63d2\u56fe5\" \/><\/div><\/div><div class=\"w-separator us_custom_a280f4f5 size_small\"><\/div><div class=\"wpb_text_column\"><div class=\"wpb_wrapper\"><header class=\"fancy-title\">\n<header class=\"fancy-title\">\n<header class=\"fancy-title\">\n<p class=\"mb-30 lqd-unit-animation-done\">Ponemos el m\u00e1ximo cuidado para asegurarnos de que su env\u00edo se embala exactamente como usted desea, independientemente de si es para...<\/p>\n<\/header>\n<ul class=\"reset-ul font-size-11 lh-15 font-weight-bold ltr-sp-1 text-dark\">\n<li class=\"mb-15 lqd-unit-animation-done\">- Venta al por menor<\/li>\n<li class=\"mb-15 lqd-unit-animation-done\">- Personalizaci\u00f3n<\/li>\n<li class=\"mb-15 lqd-unit-animation-done\">- Dise\u00f1adores minoristas<\/li>\n<li class=\"mb-15 lqd-unit-animation-done\">- Muestra<\/li>\n<\/ul>\n<\/header>\n<\/header>\n<\/div><\/div><\/div><\/div><\/div><\/div><\/section><section class=\"l-section wpb_row us_custom_cfd0d040 itemBlock height_medium\"><div class=\"l-section-h i-cf\"><div class=\"g-cols vc_row via_grid cols_3 laptops-cols_inherit tablets-cols_2 mobiles-cols_1 valign_top type_default stacking_default\" style=\"grid-gap:2.80rem;\"><div class=\"wpb_column vc_column_container us_custom_3c0ff939 has_bg_color\"><div class=\"vc_column-inner\"><div class=\"w-text us_custom_feec6894 has_text_color\"><span class=\"w-text-h\"><span class=\"w-text-value\">07<\/span><\/span><\/div><h5 class=\"w-text us_custom_9fb13cbc has_text_color\"><span class=\"w-text-h\"><span class=\"w-text-value\">Entrega<\/span><\/span><\/h5><div class=\"w-image align_center\"><div class=\"w-image-h\"><img loading=\"lazy\" decoding=\"async\" width=\"400\" height=\"300\" src=\"https:\/\/www.hiplastics.com\/wp-content\/uploads\/2023\/08\/service7.webp\" class=\"attachment-full size-full\" title=\"Our Services\u63d2\u56fe6\" alt=\"Our Services\u63d2\u56fe6\" \/><\/div><\/div><div class=\"w-separator us_custom_a280f4f5 size_small\"><\/div><div class=\"wpb_text_column\"><div class=\"wpb_wrapper\"><header class=\"fancy-title\">\n<header class=\"fancy-title\">\n<header class=\"fancy-title\">\n<p class=\"mb-30 lqd-unit-animation-done\">Desde el concepto hasta que llega a sus manos, lo organizamos todo...<\/p>\n<\/header>\n<ul class=\"reset-ul font-size-11 lh-15 font-weight-bold ltr-sp-1 text-dark\">\n<li class=\"mb-15 lqd-unit-animation-done\">- Transitarios<\/li>\n<li class=\"mb-15 lqd-unit-animation-done\">- FOB China<\/li>\n<li class=\"mb-15 lqd-unit-animation-done\">- CIF al puerto solicitado<\/li>\n<li class=\"mb-15 lqd-unit-animation-done\">- Puerta a puerta<\/li>\n<\/ul>\n<\/header>\n<\/header>\n<\/div><\/div><\/div><\/div><div class=\"wpb_column vc_column_container us_custom_136fefde has_bg_color\"><div class=\"vc_column-inner\"><div class=\"w-text us_custom_feec6894 has_text_color\"><span class=\"w-text-h\"><span class=\"w-text-value\">08<\/span><\/span><\/div><h5 class=\"w-text us_custom_9fb13cbc has_text_color\"><span class=\"w-text-h\"><span class=\"w-text-value\">Posventa<\/span><\/span><\/h5><div class=\"w-image align_center\"><div class=\"w-image-h\"><img loading=\"lazy\" decoding=\"async\" width=\"400\" height=\"300\" src=\"https:\/\/www.hiplastics.com\/wp-content\/uploads\/2023\/08\/service8.webp\" class=\"attachment-full size-full\" title=\"Our Services\u63d2\u56fe7\" alt=\"Our Services\u63d2\u56fe7\" \/><\/div><\/div><div class=\"w-separator us_custom_a280f4f5 size_small\"><\/div><div class=\"wpb_text_column\"><div class=\"wpb_wrapper\"><header class=\"fancy-title\">\n<header class=\"fancy-title\">\n<header class=\"fancy-title\">\n<header class=\"fancy-title\">\n<p class=\"mb-30 lqd-unit-animation-done\">Mantenemos una atenci\u00f3n especial tras el env\u00edo del pedido, utilizando los comentarios para su bien y para la mejora de nuestros procesos internos.<\/p>\n<\/header>\n<ul class=\"reset-ul font-size-11 lh-15 font-weight-bold ltr-sp-1 text-dark\">\n<li class=\"mb-15 lqd-unit-animation-done\">- Modificaci\u00f3n de \u00f3rdenes futuras<\/li>\n<li class=\"mb-15 lqd-unit-animation-done\">- Ofertas de productos alternativos<\/li>\n<li class=\"mb-15 lqd-unit-animation-done\">- B\u00fasqueda de proveedores<\/li>\n<li class=\"mb-15 lqd-unit-animation-done\">- Gama ampliada de productos<\/li>\n<\/ul>\n<\/header>\n<\/header>\n<\/header>\n<\/div><\/div><\/div><\/div><div class=\"wpb_column vc_column_container us_custom_959dbe39 has_bg_color\"><div class=\"vc_column-inner\"><div class=\"w-text us_custom_feec6894 has_text_color\"><span class=\"w-text-h\"><span class=\"w-text-value\">09<\/span><\/span><\/div><h5 class=\"w-text us_custom_9fb13cbc has_text_color\"><span class=\"w-text-h\"><span class=\"w-text-value\">Confidencial<\/span><\/span><\/h5><div class=\"w-image align_center\"><div class=\"w-image-h\"><img loading=\"lazy\" decoding=\"async\" width=\"400\" height=\"300\" src=\"https:\/\/www.hiplastics.com\/wp-content\/uploads\/2023\/09\/Confidential.png\" class=\"attachment-full size-full\"  srcset=\"https:\/\/www.hiplastics.com\/wp-content\/uploads\/2023\/09\/Confidential.png 400w, https:\/\/www.hiplastics.com\/wp-content\/uploads\/2023\/09\/Confidential-200x150.png 200w\" sizes=\"auto, (max-width: 400px) 100vw, 400px\" title=\"Our Services\u63d2\u56fe8\" alt=\"Our Services\u63d2\u56fe8\" \/><\/div><\/div><div class=\"w-separator us_custom_a280f4f5 size_small\"><\/div><div class=\"wpb_text_column\"><div class=\"wpb_wrapper\"><header class=\"fancy-title\">\n<header class=\"fancy-title\">\n<header class=\"fancy-title\">\n<header class=\"fancy-title\">\n<p class=\"mb-30 lqd-unit-animation-done\">Hiplastics valora y respeta la relaci\u00f3n comercial y acepta el Acuerdo NDA<br \/>\nque ayudar\u00e1 a guardar un secreto a\uff1a<\/p>\n<\/header>\n<ul class=\"reset-ul font-size-11 lh-15 font-weight-bold ltr-sp-1 text-dark\">\n<li class=\"mb-15 lqd-unit-animation-done\">- Estados financieros, documentos<\/li>\n<li class=\"mb-15 lqd-unit-animation-done\">- Materiales, documentos de trabajo<\/li>\n<li class=\"mb-15 lqd-unit-animation-done\">- Especificaciones, esquemas, planos<\/li>\n<li class=\"mb-15 lqd-unit-animation-done\">- Conceptos de dise\u00f1o, diagramas<\/li>\n<li>- Y otros datos e informaci\u00f3n comunicados por ambas partes<\/li>\n<\/ul>\n<\/header>\n<\/header>\n<\/header>\n<\/div><\/div><\/div><\/div><\/div><\/div><\/section>","protected":false},"excerpt":{"rendered":"InicioP\u00e1ginasOur ServicesGet in Touch Get A Quote Delivering a high-value experience for long-term, sustainable success. 01Hiplastics Services Overview HIPLASTICS, we offer professional, comprehensive solutions and service in supplying plastic products of labeling solutions in-store. Our design team, highly experienced within plastic products for retailing fields, stands ready to collaborate with you for&#8230; &#8211; Design Reserch...","protected":false},"author":9,"featured_media":0,"parent":35,"menu_order":0,"comment_status":"closed","ping_status":"closed","template":"","meta":{"footnotes":""},"class_list":["post-685","page","type-page","status-publish","hentry"],"acf":[],"_links":{"self":[{"href":"https:\/\/www.hiplastics.com\/es\/wp-json\/wp\/v2\/pages\/685","targetHints":{"allow":["GET"]}}],"collection":[{"href":"https:\/\/www.hiplastics.com\/es\/wp-json\/wp\/v2\/pages"}],"about":[{"href":"https:\/\/www.hiplastics.com\/es\/wp-json\/wp\/v2\/types\/page"}],"author":[{"embeddable":true,"href":"https:\/\/www.hiplastics.com\/es\/wp-json\/wp\/v2\/users\/9"}],"replies":[{"embeddable":true,"href":"https:\/\/www.hiplastics.com\/es\/wp-json\/wp\/v2\/comments?post=685"}],"version-history":[{"count":0,"href":"https:\/\/www.hiplastics.com\/es\/wp-json\/wp\/v2\/pages\/685\/revisions"}],"up":[{"embeddable":true,"href":"https:\/\/www.hiplastics.com\/es\/wp-json\/wp\/v2\/pages\/35"}],"wp:attachment":[{"href":"https:\/\/www.hiplastics.com\/es\/wp-json\/wp\/v2\/media?parent=685"}],"curies":[{"name":"wp","href":"https:\/\/api.w.org\/{rel}","templated":true}]}}