{"id":685,"date":"2021-12-16T00:02:00","date_gmt":"2021-12-16T00:02:00","guid":{"rendered":"https:\/\/impreza29.us-themes.com\/?page_id=264"},"modified":"2023-10-12T09:46:56","modified_gmt":"2023-10-12T01:46:56","slug":"services","status":"publish","type":"page","link":"https:\/\/www.hiplastics.com\/de\/our-services.html","title":{"rendered":"Unsere Dienstleistungen"},"content":{"rendered":"<section class=\"l-section wpb_row pageHeaders height_huge color_secondary with_img parallax_ver\"><div class=\"l-section-img\" data-img-width=\"1920\" data-img-height=\"520\" style=\"background-image: url(https:\/\/www.hiplastics.com\/wp-content\/uploads\/2023\/05\/hmprobg-1.jpg);\"><\/div><div class=\"l-section-overlay\" style=\"background:linear-gradient(90deg,#000,rgba(0,0,0,0.00))\"><\/div><div class=\"l-section-h i-cf\"><div class=\"g-cols vc_row via_grid cols_1 laptops-cols_inherit tablets-cols_1 mobiles-cols_1 valign_top type_default reversed stacking_default\" style=\"grid-gap:0rem;\"><div class=\"wpb_column vc_column_container us_custom_fd43344c\"><div class=\"vc_column-inner\"><ol class=\"g-breadcrumbs us_custom_6df4bc3a has_text_color separator_icon align_none\" itemscope itemtype=\"http:\/\/schema.org\/BreadcrumbList\"><li class=\"g-breadcrumbs-item\" itemscope itemprop=\"itemListElement\" itemtype=\"http:\/\/schema.org\/ListItem\"><a itemprop=\"item\" href=\"https:\/\/www.hiplastics.com\/de\/\"><span itemprop=\"name\">Start<\/span><\/a><meta itemprop=\"position\" content=\"1\"\/><\/li><li class=\"g-breadcrumbs-separator\"><i class=\"far fa-angle-right\"><\/i><\/li><li class=\"g-breadcrumbs-item\">Seiten<\/li><\/ol><div class=\"w-separator size_small\"><\/div><h1 class=\"w-text us_custom_8d091153\"><span class=\"w-text-h\"><span class=\"w-text-value\">Unsere Dienstleistungen<\/span><\/span><\/h1><div class=\"w-hwrapper align_none valign_middle wrap\" style=\"--hwrapper-gap:3rem\"><div class=\"w-popup w-btn-wrapper align_none\"><button aria-label=\"Kontakt aufnehmen\" class=\"w-popup-trigger type_btn w-btn us-btn-style_2 icon_atleft\"><i class=\"fas fa-envelope\"><\/i><span class=\"w-btn-label\">Kontakt aufnehmen<\/span><\/button><div class=\"w-popup-overlay\" style=\"background:rgba(0,0,0,0.85);\"><\/div><div class=\"w-popup-wrap\" style=\"--title-color:var(--color-content-heading);--title-bg-color:var(--color-content-bg-alt);--content-color:var(--color-content-text);--content-bg-color:var(--color-content-bg)\"><div class=\"w-popup-box animation_flipHor closerpos_inside without_title\" style=\"width:600px;\"><div class=\"w-popup-box-h\"><div class=\"w-popup-box-content\" style=\"padding:12%;\"><div class=\"wpcf7 no-js\" id=\"wpcf7-f125-o1\" lang=\"en-US\" dir=\"ltr\" data-wpcf7-id=\"125\">\n<div class=\"screen-reader-response\"><p role=\"status\" aria-live=\"polite\" aria-atomic=\"true\"><\/p> <ul><\/ul><\/div>\n<form action=\"\/de\/wp-json\/wp\/v2\/pages\/685#wpcf7-f125-o1\" method=\"post\" class=\"wpcf7-form init\" aria-label=\"Contact form\" novalidate=\"novalidate\" data-status=\"init\" data-trp-original-action=\"\/de\/wp-json\/wp\/v2\/pages\/685#wpcf7-f125-o1\">\n<div style=\"display: none;\">\n<input type=\"hidden\" name=\"_wpcf7\" value=\"125\" \/>\n<input type=\"hidden\" name=\"_wpcf7_version\" value=\"6.0.6\" \/>\n<input type=\"hidden\" name=\"_wpcf7_locale\" value=\"en_US\" \/>\n<input type=\"hidden\" name=\"_wpcf7_unit_tag\" value=\"wpcf7-f125-o1\" \/>\n<input type=\"hidden\" name=\"_wpcf7_container_post\" value=\"0\" \/>\n<input type=\"hidden\" name=\"_wpcf7_posted_data_hash\" value=\"\" \/>\n<input type=\"hidden\" name=\"_wpcf7dtx_version\" value=\"5.0.5\" \/>\n<input type=\"hidden\" name=\"_wpcf7_recaptcha_response\" value=\"\" \/>\n<\/div>\n<div class=\"contact-title\">\n\t<h3>Angebot einholen\n\t<\/h3>\n<\/div>\n<div class=\"outer\">\n\t<div class=\"inner\">\n\t\t<p><span class=\"wpcf7-form-control-wrap\" data-name=\"your-name\"><input size=\"40\" maxlength=\"400\" class=\"wpcf7-form-control wpcf7-text wpcf7-validates-as-required\" aria-required=\"true\" aria-invalid=\"false\" placeholder=\"Ihr Name*\" value=\"\" type=\"text\" name=\"your-name\" \/><\/span>\n\t\t<\/p>\n\t<\/div>\n\t<div class=\"inner\">\n\t\t<p><span class=\"wpcf7-form-control-wrap\" data-name=\"your-email\"><input size=\"40\" maxlength=\"400\" class=\"wpcf7-form-control wpcf7-email wpcf7-validates-as-required wpcf7-text wpcf7-validates-as-email\" aria-required=\"true\" aria-invalid=\"false\" placeholder=\"E-Mail Adresse*\" value=\"\" type=\"email\" name=\"your-email\" \/><\/span>\n\t\t<\/p>\n\t<\/div>\n<\/div>\n<div class=\"outer\">\n\t<div class=\"inner\">\n\t\t<p><span class=\"wpcf7-form-control-wrap\" data-name=\"your-tel\"><input size=\"40\" maxlength=\"400\" class=\"wpcf7-form-control wpcf7-tel wpcf7-validates-as-required wpcf7-text wpcf7-validates-as-tel\" aria-required=\"true\" aria-invalid=\"false\" placeholder=\"Ihr Telefon*\" value=\"\" type=\"tel\" name=\"your-tel\" \/><\/span>\n\t\t<\/p>\n\t<\/div>\n\t<div class=\"inner\">\n\t\t<p><span class=\"wpcf7-form-control-wrap\" data-name=\"your-country\"><input size=\"40\" maxlength=\"400\" class=\"wpcf7-form-control wpcf7-text\" aria-invalid=\"false\" placeholder=\"Land oder Region\" value=\"\" type=\"text\" name=\"your-country\" \/><\/span>\n\t\t<\/p>\n\t<\/div>\n<\/div>\n<div>\n\t<p><span class=\"wpcf7-form-control-wrap\" data-name=\"your-message\"><textarea cols=\"40\" rows=\"10\" maxlength=\"2000\" class=\"wpcf7-form-control wpcf7-textarea wpcf7-validates-as-required\" aria-required=\"true\" aria-invalid=\"false\" placeholder=\"Nennen Sie uns Ihren Bedarf so genau wie m\u00f6glich*\" name=\"your-message\"><\/textarea><\/span>\n\t<\/p>\n<\/div>\n<div style=\"display:none\">\n<span class=\"wpcf7-form-control-wrap your-url\" data-name=\"your-url\"><input type=\"hidden\" name=\"your-url\" class=\"wpcf7-form-control wpcf7-hidden wpcf7dtx wpcf7dtx-hidden\" aria-invalid=\"false\" value=\"https:\/\/www.hiplastics.com\/de\/de\/wp-json\/wp\/v2\/pages\/685\"><\/span>\n<\/div>\n<div class=\"form-button\">\n\t<p><input class=\"wpcf7-form-control wpcf7-submit has-spinner\" type=\"submit\" value=\"Nachricht senden\" \/>\n\t<\/p>\n<\/div><div class=\"wpcf7-response-output\" aria-hidden=\"true\"><\/div>\n<input type=\"hidden\" name=\"trp-form-language\" value=\"de\"\/><\/form>\n<\/div>\n<\/div><div class=\"w-popup-closer\"><\/div><\/div><\/div><\/div><\/div><div class=\"wpb_text_column us_custom_70c1749c\"><div class=\"wpb_wrapper\"><p>Ein hochwertiges Erlebnis f\u00fcr langfristigen, nachhaltigen Erfolg.<\/p>\n<\/div><\/div><\/div><\/div><\/div><\/div><\/div><\/section><section class=\"l-section wpb_row us_custom_5b5b2c01 itemBlock height_medium\"><div class=\"l-section-h i-cf\"><div class=\"g-cols vc_row via_grid cols_3 laptops-cols_inherit tablets-cols_2 mobiles-cols_1 valign_top type_default stacking_default\" style=\"grid-gap:2.80rem;\"><div class=\"wpb_column vc_column_container us_custom_3c0ff939 has_bg_color\"><div class=\"vc_column-inner\"><div class=\"w-text us_custom_feec6894 has_text_color\"><span class=\"w-text-h\"><span class=\"w-text-value\">01<\/span><\/span><\/div><h5 class=\"w-text us_custom_9fb13cbc has_text_color\"><span class=\"w-text-h\"><span class=\"w-text-value\">Hiplastics Services \u00dcbersicht<\/span><\/span><\/h5><div class=\"w-image align_center\"><div class=\"w-image-h\"><img loading=\"lazy\" decoding=\"async\" width=\"400\" height=\"300\" src=\"https:\/\/www.hiplastics.com\/wp-content\/uploads\/2023\/08\/service1.webp\" class=\"attachment-full size-full\" title=\"Our Services\u63d2\u56fe\" alt=\"Our Services\u63d2\u56fe\" \/><\/div><\/div><div class=\"w-separator us_custom_a280f4f5 size_small\"><\/div><div class=\"wpb_text_column\"><div class=\"wpb_wrapper\"><header class=\"fancy-title\">\n<p class=\"mb-30 lqd-unit-animation-done\">HIPLASTICS, bieten wir professionelle, umfassende L\u00f6sungen und Service bei der Lieferung von Kunststoffprodukten f\u00fcr Etikettierl\u00f6sungen im Gesch\u00e4ft.<br \/>\nUnser Designteam, das \u00fcber gro\u00dfe Erfahrung im Bereich der Kunststoffprodukte f\u00fcr den Einzelhandel verf\u00fcgt, ist bereit, mit Ihnen zusammenzuarbeiten, um...<\/p>\n<\/header>\n<ul class=\"reset-ul font-size-11 lh-15 font-weight-bold ltr-sp-1 text-dark\">\n<li class=\"mb-15 lqd-unit-animation-done\">- Design Forschung<\/li>\n<li class=\"mb-15 lqd-unit-animation-done\">- Strategie<\/li>\n<li class=\"mb-15 lqd-unit-animation-done\">- Technik<\/li>\n<li class=\"mb-15 lqd-unit-animation-done\">- Prototyping<\/li>\n<li class=\"mb-15 lqd-unit-animation-done\">- Unterst\u00fctzung der Marke<\/li>\n<\/ul>\n<\/div><\/div><\/div><\/div><div class=\"wpb_column vc_column_container us_custom_136fefde has_bg_color\"><div class=\"vc_column-inner\"><div class=\"w-text us_custom_feec6894 has_text_color\"><span class=\"w-text-h\"><span class=\"w-text-value\">02<\/span><\/span><\/div><h5 class=\"w-text us_custom_9fb13cbc has_text_color\"><span class=\"w-text-h\"><span class=\"w-text-value\">Produkte Probenahme<\/span><\/span><\/h5><div class=\"w-image align_center\"><div class=\"w-image-h\"><img loading=\"lazy\" decoding=\"async\" width=\"400\" height=\"300\" src=\"https:\/\/www.hiplastics.com\/wp-content\/uploads\/2023\/08\/service2.webp\" class=\"attachment-full size-full\" title=\"Our Services\u63d2\u56fe1\" alt=\"Our Services\u63d2\u56fe1\" \/><\/div><\/div><div class=\"w-separator us_custom_a280f4f5 size_small\"><\/div><div class=\"wpb_text_column\"><div class=\"wpb_wrapper\"><header class=\"fancy-title\">\n<header class=\"fancy-title\">\n<p class=\"mb-30 lqd-unit-animation-done\">Um die Genauigkeit von 100% und die Zufriedenheit mit Ihrer Bestellung zu gew\u00e4hrleisten, erhalten Sie von uns in vier Phasen des Herstellungsprozesses Muster...<\/p>\n<\/header>\n<ul class=\"reset-ul font-size-11 lh-15 font-weight-bold ltr-sp-1 text-dark\">\n<li class=\"mb-15 lqd-unit-animation-done\">- Produktdesign<\/li>\n<li class=\"mb-15 lqd-unit-animation-done\">- Formenbau<\/li>\n<li class=\"mb-15 lqd-unit-animation-done\">- Formenbau<\/li>\n<li class=\"mb-15 lqd-unit-animation-done\">- Montage der Gussform<\/li>\n<li class=\"mb-15 lqd-unit-animation-done\">- Materialhandhabung<\/li>\n<li class=\"mb-15 lqd-unit-animation-done\">- Einrichten der Maschine<\/li>\n<li class=\"mb-15 lqd-unit-animation-done\">- Endg\u00fcltige Produktion<\/li>\n<\/ul>\n<\/header>\n<\/div><\/div><\/div><\/div><div class=\"wpb_column vc_column_container us_custom_136fefde has_bg_color\"><div class=\"vc_column-inner\"><div class=\"w-text us_custom_feec6894 has_text_color\"><span class=\"w-text-h\"><span class=\"w-text-value\">03<\/span><\/span><\/div><h5 class=\"w-text us_custom_9fb13cbc has_text_color\"><span class=\"w-text-h\"><span class=\"w-text-value\">Forschung &amp; Entwicklung<\/span><\/span><\/h5><div class=\"w-image align_center\"><div class=\"w-image-h\"><img loading=\"lazy\" decoding=\"async\" width=\"400\" height=\"300\" src=\"https:\/\/www.hiplastics.com\/wp-content\/uploads\/2023\/09\/service3.jpg\" class=\"attachment-full size-full\"  srcset=\"https:\/\/www.hiplastics.com\/wp-content\/uploads\/2023\/09\/service3.jpg 400w, https:\/\/www.hiplastics.com\/wp-content\/uploads\/2023\/09\/service3-200x150.jpg 200w\" sizes=\"auto, (max-width: 400px) 100vw, 400px\" title=\"Our Services\u63d2\u56fe2\" alt=\"Our Services\u63d2\u56fe2\" \/><\/div><\/div><div class=\"w-separator us_custom_a280f4f5 size_small\"><\/div><div class=\"wpb_text_column\"><div class=\"wpb_wrapper\"><header class=\"fancy-title\">\n<header class=\"fancy-title\">\n<p class=\"mb-30 lqd-unit-animation-done\">Die Zusammenarbeit mit unserem erstklassigen Forschungs- und Entwicklungsteam verschafft Ihnen einen Vorsprung durch...<\/p>\n<\/header>\n<ul class=\"reset-ul font-size-11 lh-15 font-weight-bold ltr-sp-1 text-dark\">\n<li class=\"mb-15 lqd-unit-animation-done\">- Den Markt antizipieren<\/li>\n<li class=\"mb-15 lqd-unit-animation-done\">- Technologische St\u00e4rke<\/li>\n<li class=\"mb-15 lqd-unit-animation-done\">- Innovative Entwicklung neuer Produkte<\/li>\n<li class=\"mb-15 lqd-unit-animation-done\">- Sachverst\u00e4ndige Technik<\/li>\n<\/ul>\n<\/header>\n<\/div><\/div><\/div><\/div><\/div><\/div><\/section><section class=\"l-section wpb_row us_custom_5b5b2c01 itemBlock height_medium\"><div class=\"l-section-h i-cf\"><div class=\"g-cols vc_row via_grid cols_3 laptops-cols_inherit tablets-cols_2 mobiles-cols_1 valign_top type_default stacking_default\" style=\"grid-gap:2.80rem;\"><div class=\"wpb_column vc_column_container us_custom_3c0ff939 has_bg_color\"><div class=\"vc_column-inner\"><div class=\"w-text us_custom_feec6894 has_text_color\"><span class=\"w-text-h\"><span class=\"w-text-value\">04<\/span><\/span><\/div><h5 class=\"w-text us_custom_9fb13cbc has_text_color\"><span class=\"w-text-h\"><span class=\"w-text-value\">Qualit\u00e4tskontrolle<\/span><\/span><\/h5><div class=\"w-image align_center\"><div class=\"w-image-h\"><img loading=\"lazy\" decoding=\"async\" width=\"400\" height=\"300\" src=\"https:\/\/www.hiplastics.com\/wp-content\/uploads\/2023\/08\/service4.webp\" class=\"attachment-full size-full\" title=\"Our Services\u63d2\u56fe3\" alt=\"Our Services\u63d2\u56fe3\" \/><\/div><\/div><div class=\"w-separator us_custom_a280f4f5 size_small\"><\/div><div class=\"wpb_text_column\"><div class=\"wpb_wrapper\"><header class=\"fancy-title\">\n<header class=\"fancy-title\">\n<p class=\"mb-30 lqd-unit-animation-done\">Wir stellen hohe Anforderungen an unsere Rohstofflieferanten und Arbeitspartner. Zu unserem Service geh\u00f6rt, dass wir bei den Anbietern vor Ort sind, um Inspektionen w\u00e4hrend des gesamten Herstellungsprozesses durchzuf\u00fchren, w\u00e4hrend wir gleichzeitig von ihnen intern eine strenge Qualit\u00e4tskontrolle verlangen...<\/p>\n<\/header>\n<ul class=\"reset-ul font-size-11 lh-15 font-weight-bold ltr-sp-1 text-dark\">\n<li class=\"mb-15 lqd-unit-animation-done\">- Lieferung von Rohstoffen<\/li>\n<li class=\"mb-15 lqd-unit-animation-done\">- Vor-Produktion<\/li>\n<li class=\"mb-15 lqd-unit-animation-done\">- Produktion<\/li>\n<li class=\"mb-15 lqd-unit-animation-done\">- Vorverschiffung<\/li>\n<\/ul>\n<\/header>\n<\/div><\/div><\/div><\/div><div class=\"wpb_column vc_column_container us_custom_136fefde has_bg_color\"><div class=\"vc_column-inner\"><div class=\"w-text us_custom_feec6894 has_text_color\"><span class=\"w-text-h\"><span class=\"w-text-value\">05<\/span><\/span><\/div><h5 class=\"w-text us_custom_9fb13cbc has_text_color\"><span class=\"w-text-h\"><span class=\"w-text-value\">Zertifizierungen<\/span><\/span><\/h5><div class=\"w-image align_center\"><div class=\"w-image-h\"><img loading=\"lazy\" decoding=\"async\" width=\"400\" height=\"300\" src=\"https:\/\/www.hiplastics.com\/wp-content\/uploads\/2023\/08\/service5.webp\" class=\"attachment-full size-full\" title=\"Our Services\u63d2\u56fe4\" alt=\"Our Services\u63d2\u56fe4\" \/><\/div><\/div><div class=\"w-separator us_custom_a280f4f5 size_small\"><\/div><div class=\"wpb_text_column\"><div class=\"wpb_wrapper\"><header class=\"fancy-title\">\n<header class=\"fancy-title\">\n<header class=\"fancy-title\">\n<p class=\"mb-30 lqd-unit-animation-done\">Bei Bedarf k\u00f6nnen wir unabh\u00e4ngige Tests und Zertifizierungen bei einem Drittanbieter Ihrer Wahl arrangieren, einschlie\u00dflich...<\/p>\n<\/header>\n<ul class=\"reset-ul font-size-11 lh-15 font-weight-bold ltr-sp-1 text-dark\">\n<li class=\"mb-15 lqd-unit-animation-done\">- SGS<\/li>\n<li class=\"mb-15 lqd-unit-animation-done\">- B\u00fcro Veritas<\/li>\n<li class=\"mb-15 lqd-unit-animation-done\">- ISO9001 ISO14001 ISO45001<\/li>\n<li class=\"mb-15 lqd-unit-animation-done\">- Mehr als 20 Patente<\/li>\n<\/ul>\n<\/header>\n<\/header>\n<\/div><\/div><\/div><\/div><div class=\"wpb_column vc_column_container us_custom_136fefde has_bg_color\"><div class=\"vc_column-inner\"><div class=\"w-text us_custom_feec6894 has_text_color\"><span class=\"w-text-h\"><span class=\"w-text-value\">06<\/span><\/span><\/div><h5 class=\"w-text us_custom_9fb13cbc has_text_color\"><span class=\"w-text-h\"><span class=\"w-text-value\">Verpacken<\/span><\/span><\/h5><div class=\"w-image align_center\"><div class=\"w-image-h\"><img loading=\"lazy\" decoding=\"async\" width=\"400\" height=\"300\" src=\"https:\/\/www.hiplastics.com\/wp-content\/uploads\/2023\/08\/service6.webp\" class=\"attachment-full size-full\" title=\"Our Services\u63d2\u56fe5\" alt=\"Our Services\u63d2\u56fe5\" \/><\/div><\/div><div class=\"w-separator us_custom_a280f4f5 size_small\"><\/div><div class=\"wpb_text_column\"><div class=\"wpb_wrapper\"><header class=\"fancy-title\">\n<header class=\"fancy-title\">\n<header class=\"fancy-title\">\n<p class=\"mb-30 lqd-unit-animation-done\">Es wird sehr darauf geachtet, dass Ihre Sendung genau so verpackt wird, wie Sie es w\u00fcnschen, unabh\u00e4ngig davon, ob es sich um eine...<\/p>\n<\/header>\n<ul class=\"reset-ul font-size-11 lh-15 font-weight-bold ltr-sp-1 text-dark\">\n<li class=\"mb-15 lqd-unit-animation-done\">- Einzelhandel<\/li>\n<li class=\"mb-15 lqd-unit-animation-done\">- Personalisierung<\/li>\n<li class=\"mb-15 lqd-unit-animation-done\">- Einzelhandelsdesigner<\/li>\n<li class=\"mb-15 lqd-unit-animation-done\">- Muster<\/li>\n<\/ul>\n<\/header>\n<\/header>\n<\/div><\/div><\/div><\/div><\/div><\/div><\/section><section class=\"l-section wpb_row us_custom_cfd0d040 itemBlock height_medium\"><div class=\"l-section-h i-cf\"><div class=\"g-cols vc_row via_grid cols_3 laptops-cols_inherit tablets-cols_2 mobiles-cols_1 valign_top type_default stacking_default\" style=\"grid-gap:2.80rem;\"><div class=\"wpb_column vc_column_container us_custom_3c0ff939 has_bg_color\"><div class=\"vc_column-inner\"><div class=\"w-text us_custom_feec6894 has_text_color\"><span class=\"w-text-h\"><span class=\"w-text-value\">07<\/span><\/span><\/div><h5 class=\"w-text us_custom_9fb13cbc has_text_color\"><span class=\"w-text-h\"><span class=\"w-text-value\">Lieferung<\/span><\/span><\/h5><div class=\"w-image align_center\"><div class=\"w-image-h\"><img loading=\"lazy\" decoding=\"async\" width=\"400\" height=\"300\" src=\"https:\/\/www.hiplastics.com\/wp-content\/uploads\/2023\/08\/service7.webp\" class=\"attachment-full size-full\" title=\"Our Services\u63d2\u56fe6\" alt=\"Our Services\u63d2\u56fe6\" \/><\/div><\/div><div class=\"w-separator us_custom_a280f4f5 size_small\"><\/div><div class=\"wpb_text_column\"><div class=\"wpb_wrapper\"><header class=\"fancy-title\">\n<header class=\"fancy-title\">\n<header class=\"fancy-title\">\n<p class=\"mb-30 lqd-unit-animation-done\">Vom Konzept bis zu dem Moment, in dem es in Ihre H\u00e4nde gelangt, arrangieren wir alles...<\/p>\n<\/header>\n<ul class=\"reset-ul font-size-11 lh-15 font-weight-bold ltr-sp-1 text-dark\">\n<li class=\"mb-15 lqd-unit-animation-done\">- Bef\u00f6rderung von G\u00fctern<\/li>\n<li class=\"mb-15 lqd-unit-animation-done\">- FOB China<\/li>\n<li class=\"mb-15 lqd-unit-animation-done\">- CIF an Anfrage Hafen<\/li>\n<li class=\"mb-15 lqd-unit-animation-done\">- Von T\u00fcr zu T\u00fcr<\/li>\n<\/ul>\n<\/header>\n<\/header>\n<\/div><\/div><\/div><\/div><div class=\"wpb_column vc_column_container us_custom_136fefde has_bg_color\"><div class=\"vc_column-inner\"><div class=\"w-text us_custom_feec6894 has_text_color\"><span class=\"w-text-h\"><span class=\"w-text-value\">08<\/span><\/span><\/div><h5 class=\"w-text us_custom_9fb13cbc has_text_color\"><span class=\"w-text-h\"><span class=\"w-text-value\">Aftersales<\/span><\/span><\/h5><div class=\"w-image align_center\"><div class=\"w-image-h\"><img loading=\"lazy\" decoding=\"async\" width=\"400\" height=\"300\" src=\"https:\/\/www.hiplastics.com\/wp-content\/uploads\/2023\/08\/service8.webp\" class=\"attachment-full size-full\" title=\"Our Services\u63d2\u56fe7\" alt=\"Our Services\u63d2\u56fe7\" \/><\/div><\/div><div class=\"w-separator us_custom_a280f4f5 size_small\"><\/div><div class=\"wpb_text_column\"><div class=\"wpb_wrapper\"><header class=\"fancy-title\">\n<header class=\"fancy-title\">\n<header class=\"fancy-title\">\n<header class=\"fancy-title\">\n<p class=\"mb-30 lqd-unit-animation-done\">Wir behalten auch nach der Auslieferung der Bestellung ein Auge darauf und nutzen das Feedback f\u00fcr Sie und zur Verbesserung unserer internen Prozesse.<\/p>\n<\/header>\n<ul class=\"reset-ul font-size-11 lh-15 font-weight-bold ltr-sp-1 text-dark\">\n<li class=\"mb-15 lqd-unit-animation-done\">- K\u00fcnftige \u00c4nderung der Bestellung<\/li>\n<li class=\"mb-15 lqd-unit-animation-done\">- Alternative Produktangebote<\/li>\n<li class=\"mb-15 lqd-unit-animation-done\">- Suche nach Lieferanten<\/li>\n<li class=\"mb-15 lqd-unit-animation-done\">- Erweitertes Produktangebot<\/li>\n<\/ul>\n<\/header>\n<\/header>\n<\/header>\n<\/div><\/div><\/div><\/div><div class=\"wpb_column vc_column_container us_custom_959dbe39 has_bg_color\"><div class=\"vc_column-inner\"><div class=\"w-text us_custom_feec6894 has_text_color\"><span class=\"w-text-h\"><span class=\"w-text-value\">09<\/span><\/span><\/div><h5 class=\"w-text us_custom_9fb13cbc has_text_color\"><span class=\"w-text-h\"><span class=\"w-text-value\">Vertraulich<\/span><\/span><\/h5><div class=\"w-image align_center\"><div class=\"w-image-h\"><img loading=\"lazy\" decoding=\"async\" width=\"400\" height=\"300\" src=\"https:\/\/www.hiplastics.com\/wp-content\/uploads\/2023\/09\/Confidential.png\" class=\"attachment-full size-full\"  srcset=\"https:\/\/www.hiplastics.com\/wp-content\/uploads\/2023\/09\/Confidential.png 400w, https:\/\/www.hiplastics.com\/wp-content\/uploads\/2023\/09\/Confidential-200x150.png 200w\" sizes=\"auto, (max-width: 400px) 100vw, 400px\" title=\"Our Services\u63d2\u56fe8\" alt=\"Our Services\u63d2\u56fe8\" \/><\/div><\/div><div class=\"w-separator us_custom_a280f4f5 size_small\"><\/div><div class=\"wpb_text_column\"><div class=\"wpb_wrapper\"><header class=\"fancy-title\">\n<header class=\"fancy-title\">\n<header class=\"fancy-title\">\n<header class=\"fancy-title\">\n<p class=\"mb-30 lqd-unit-animation-done\">Hiplastics sch\u00e4tzt und respektiert die Gesch\u00e4ftsbeziehung und akzeptiert die NDA-Vereinbarung<br \/>\nwas helfen wird, ein Geheimnis zu bewahren\uff1a<\/p>\n<\/header>\n<ul class=\"reset-ul font-size-11 lh-15 font-weight-bold ltr-sp-1 text-dark\">\n<li class=\"mb-15 lqd-unit-animation-done\">- Finanzberichte, Dokumente<\/li>\n<li class=\"mb-15 lqd-unit-animation-done\">- Materialien, Arbeitspapiere<\/li>\n<li class=\"mb-15 lqd-unit-animation-done\">- Spezifikationen, Schemata, Pl\u00e4ne<\/li>\n<li class=\"mb-15 lqd-unit-animation-done\">- Gestaltungskonzepte, Diagramme<\/li>\n<li>- und andere von beiden Parteien offengelegte Daten und Informationen<\/li>\n<\/ul>\n<\/header>\n<\/header>\n<\/header>\n<\/div><\/div><\/div><\/div><\/div><\/div><\/section>","protected":false},"excerpt":{"rendered":"StartSeitenOur ServicesGet in Touch Get A Quote Delivering a high-value experience for long-term, sustainable success. 01Hiplastics Services Overview HIPLASTICS, we offer professional, comprehensive solutions and service in supplying plastic products of labeling solutions in-store. Our design team, highly experienced within plastic products for retailing fields, stands ready to collaborate with you for&#8230; &#8211; Design Reserch...","protected":false},"author":9,"featured_media":0,"parent":35,"menu_order":0,"comment_status":"closed","ping_status":"closed","template":"","meta":{"footnotes":""},"class_list":["post-685","page","type-page","status-publish","hentry"],"acf":[],"_links":{"self":[{"href":"https:\/\/www.hiplastics.com\/de\/wp-json\/wp\/v2\/pages\/685","targetHints":{"allow":["GET"]}}],"collection":[{"href":"https:\/\/www.hiplastics.com\/de\/wp-json\/wp\/v2\/pages"}],"about":[{"href":"https:\/\/www.hiplastics.com\/de\/wp-json\/wp\/v2\/types\/page"}],"author":[{"embeddable":true,"href":"https:\/\/www.hiplastics.com\/de\/wp-json\/wp\/v2\/users\/9"}],"replies":[{"embeddable":true,"href":"https:\/\/www.hiplastics.com\/de\/wp-json\/wp\/v2\/comments?post=685"}],"version-history":[{"count":0,"href":"https:\/\/www.hiplastics.com\/de\/wp-json\/wp\/v2\/pages\/685\/revisions"}],"up":[{"embeddable":true,"href":"https:\/\/www.hiplastics.com\/de\/wp-json\/wp\/v2\/pages\/35"}],"wp:attachment":[{"href":"https:\/\/www.hiplastics.com\/de\/wp-json\/wp\/v2\/media?parent=685"}],"curies":[{"name":"wp","href":"https:\/\/api.w.org\/{rel}","templated":true}]}}